{"id":5324,"date":"2022-09-12T17:29:38","date_gmt":"2022-09-12T15:29:38","guid":{"rendered":"https:\/\/www.masomartis.it\/?page_id=5324"},"modified":"2022-09-12T17:29:38","modified_gmt":"2022-09-12T15:29:38","slug":"kooperationen","status":"publish","type":"page","link":"https:\/\/www.masomartis.it\/de\/kooperationen\/","title":{"rendered":"Kooperationen"},"content":{"rendered":"<p>Bei Maso Martis wird <strong>Freundschaft gro\u00df geschrieben<\/strong> und im Laufe der Jahre haben wir das Gl\u00fcck gehabt, Beziehungen zu pflegen, die uns sowohl menschlich als auch beruflich wachsen lie\u00dfen.<\/p>\n<p>Unsere Freundschaft mit dem Unternehmer <strong>Luca Bondioli<\/strong> begann 2014, als er die Maso Martis Trentodoc-Spumanti f\u00fcr die Einf\u00fchrung seiner Designermarke <strong>1177<\/strong> w\u00e4hlte, mit der er Socken f\u00fcr M\u00e4nner, Frauen und Kinder aus dem High-Tech-Garn <strong>Dryarn<\/strong> herstellt. Mit diesem Garn hat er f\u00fcr uns einzigartige Flaschenh\u00fcllen f\u00fcr unseren erlesenen Spumante Madame kreiert, mit der die Flasche kalt gehalten wird. Dryarn ist das leichteste und atmungsaktivste Garn, das es in der Natur gibt. Es bleibt immer trocken, da die Feuchtigkeit an die Au\u00dfenseite des Stoffes geleitet wird und dort schnell verdunstet. Dar\u00fcber hinaus verf\u00fcgt es \u00fcber eine einzigartige Isolierf\u00e4higkeit, die jede andere Faser \u00fcbertrifft und es ihr erm\u00f6glicht, ihre Temperatur bei jedem Wetter zu halten. Es handelt sich um eine umweltfreundliche Faser, die urspr\u00fcnglich mit festen<br \/>\nZusatzstoffen gef\u00e4rbt wurde, die nicht entsorgt werden m\u00fcssen, und die daher vollst\u00e4ndig recycelbar ist. Wir haben uns sofort f\u00fcr dieses innovative Projekt begeistert und seit unserem damaligen Treffen umh\u00fcllen diese Garne unsere besten Flaschen.<\/p>\n<p class=\"p1\"><span class=\"s1\">Stil und Kunst vereinen sich in der Partnerschaft zwischen Maso Martis und der aus Venetien stammenden K\u00fcnstlerin <strong>Irma Paulon<\/strong>, die f\u00fcr uns einzigartige Schmuckst\u00fccke und Installationen geschaffen hat, die viele unserer Events in unseren Weinkellern mit einer kreativen, pers\u00f6nlichen Note bereichert haben.<\/span><\/p>\n<p class=\"p1\"><span class=\"s1\">Die Verbindung von Essen und Wein ist seit jeher eine wahre Leidenschaft f\u00fcr alle, die in unserer Branche t\u00e4tig sind. Unsere Liebe zur erlesenen S\u00fc\u00dfe des Passito-Weins, unsere Vorliebe f\u00fcr die biologische Produktion und alles, was \u201esch\u00f6n\u201c ist stehen im perfekten Einklang mit der Philosophie der kreativen Konditorei <strong>Black Sheep<\/strong> in Trento, deren Eigent\u00fcmer <strong>Michele<\/strong> und <strong>Sofia Granuzzo<\/strong> k\u00f6stliche biologische und vegane Rohkost-Delikatessen herstellen. Die beiden jungen, dynamischen Geschwister, die immer auf der Suche nach neuen Herausforderungen sind, haben das Dessert \u201eMartis\u201c f\u00fcr unseren <strong>Passito-Wein Sole d\u2019Autunno<\/strong> Chardonnay kreiert. <\/span><\/p>\n","protected":false},"excerpt":{"rendered":"<p>Bei Maso Martis wird Freundschaft gro\u00df geschrieben und im Laufe der Jahre haben wir das Gl\u00fcck gehabt, Beziehungen zu pflegen, die uns sowohl menschlich als auch beruflich wachsen lie\u00dfen. Unsere Freundschaft mit dem Unternehmer Luca Bondioli begann 2014, als er die Maso Martis Trentodoc-Spumanti f\u00fcr die Einf\u00fchrung seiner Designermarke 1177 w\u00e4hlte, mit der er Socken f\u00fcr M\u00e4nner, Frauen und Kinder aus dem High-Tech-Garn Dryarn herstellt. Mit diesem Garn hat er f\u00fcr uns einzigartige Flaschenh\u00fcllen f\u00fcr [&hellip;]<\/p>\n","protected":false},"author":3,"featured_media":5332,"parent":0,"menu_order":0,"comment_status":"closed","ping_status":"closed","template":"page-templates\/collaborations.php","meta":{"footnotes":""},"class_list":["post-5324","page","type-page","status-publish","has-post-thumbnail","hentry"],"yoast_head":"<!-- This site is optimized with the Yoast SEO plugin v27.2 - https:\/\/yoast.com\/product\/yoast-seo-wordpress\/ -->\n<title>Kooperationen - Maso Martis<\/title>\n<meta name=\"robots\" content=\"index, follow, max-snippet:-1, max-image-preview:large, max-video-preview:-1\" \/>\n<link rel=\"canonical\" href=\"https:\/\/www.masomartis.it\/de\/kooperationen\/\" \/>\n<meta property=\"og:locale\" content=\"de_DE\" \/>\n<meta property=\"og:type\" content=\"article\" \/>\n<meta property=\"og:title\" content=\"Kooperationen - Maso Martis\" \/>\n<meta property=\"og:description\" content=\"Bei Maso Martis wird Freundschaft gro\u00df geschrieben und im Laufe der Jahre haben wir das Gl\u00fcck gehabt, Beziehungen zu pflegen, die uns sowohl menschlich als auch beruflich wachsen lie\u00dfen. Unsere Freundschaft mit dem Unternehmer Luca Bondioli begann 2014, als er die Maso Martis Trentodoc-Spumanti f\u00fcr die Einf\u00fchrung seiner Designermarke 1177 w\u00e4hlte, mit der er Socken f\u00fcr M\u00e4nner, Frauen und Kinder aus dem High-Tech-Garn Dryarn herstellt. Mit diesem Garn hat er f\u00fcr uns einzigartige Flaschenh\u00fcllen f\u00fcr [&hellip;]\" \/>\n<meta property=\"og:url\" content=\"https:\/\/www.masomartis.it\/de\/kooperationen\/\" \/>\n<meta property=\"og:site_name\" content=\"Maso Martis\" \/>\n<meta property=\"og:image\" content=\"https:\/\/www.masomartis.it\/wp-content\/uploads\/2018\/07\/H4A4003-1.jpg\" \/>\n\t<meta property=\"og:image:width\" content=\"2000\" \/>\n\t<meta property=\"og:image:height\" content=\"1333\" \/>\n\t<meta property=\"og:image:type\" content=\"image\/jpeg\" \/>\n<meta name=\"twitter:card\" content=\"summary_large_image\" \/>\n<meta name=\"twitter:label1\" content=\"Gesch\u00e4tzte Lesezeit\" \/>\n\t<meta name=\"twitter:data1\" content=\"2\u00a0Minuten\" \/>\n<script type=\"application\/ld+json\" class=\"yoast-schema-graph\">{\"@context\":\"https:\/\/schema.org\",\"@graph\":[{\"@type\":\"WebPage\",\"@id\":\"https:\/\/www.masomartis.it\/de\/kooperationen\/\",\"url\":\"https:\/\/www.masomartis.it\/de\/kooperationen\/\",\"name\":\"Kooperationen - Maso Martis\",\"isPartOf\":{\"@id\":\"https:\/\/www.masomartis.it\/#website\"},\"primaryImageOfPage\":{\"@id\":\"https:\/\/www.masomartis.it\/de\/kooperationen\/#primaryimage\"},\"image\":{\"@id\":\"https:\/\/www.masomartis.it\/de\/kooperationen\/#primaryimage\"},\"thumbnailUrl\":\"https:\/\/www.masomartis.it\/wp-content\/uploads\/2018\/07\/H4A4003-1.jpg\",\"datePublished\":\"2022-09-12T15:29:38+00:00\",\"breadcrumb\":{\"@id\":\"https:\/\/www.masomartis.it\/de\/kooperationen\/#breadcrumb\"},\"inLanguage\":\"de\",\"potentialAction\":[{\"@type\":\"ReadAction\",\"target\":[\"https:\/\/www.masomartis.it\/de\/kooperationen\/\"]}]},{\"@type\":\"ImageObject\",\"inLanguage\":\"de\",\"@id\":\"https:\/\/www.masomartis.it\/de\/kooperationen\/#primaryimage\",\"url\":\"https:\/\/www.masomartis.it\/wp-content\/uploads\/2018\/07\/H4A4003-1.jpg\",\"contentUrl\":\"https:\/\/www.masomartis.it\/wp-content\/uploads\/2018\/07\/H4A4003-1.jpg\",\"width\":2000,\"height\":1333},{\"@type\":\"BreadcrumbList\",\"@id\":\"https:\/\/www.masomartis.it\/de\/kooperationen\/#breadcrumb\",\"itemListElement\":[{\"@type\":\"ListItem\",\"position\":1,\"name\":\"Home\",\"item\":\"https:\/\/www.masomartis.it\/de\/\"},{\"@type\":\"ListItem\",\"position\":2,\"name\":\"Kooperationen\"}]},{\"@type\":\"WebSite\",\"@id\":\"https:\/\/www.masomartis.it\/#website\",\"url\":\"https:\/\/www.masomartis.it\/\",\"name\":\"Maso Martis\",\"description\":\"Effervescenza delle Dolomiti\",\"potentialAction\":[{\"@type\":\"SearchAction\",\"target\":{\"@type\":\"EntryPoint\",\"urlTemplate\":\"https:\/\/www.masomartis.it\/?s={search_term_string}\"},\"query-input\":{\"@type\":\"PropertyValueSpecification\",\"valueRequired\":true,\"valueName\":\"search_term_string\"}}],\"inLanguage\":\"de\"}]}<\/script>\n<!-- \/ Yoast SEO plugin. -->","yoast_head_json":{"title":"Kooperationen - Maso Martis","robots":{"index":"index","follow":"follow","max-snippet":"max-snippet:-1","max-image-preview":"max-image-preview:large","max-video-preview":"max-video-preview:-1"},"canonical":"https:\/\/www.masomartis.it\/de\/kooperationen\/","og_locale":"de_DE","og_type":"article","og_title":"Kooperationen - Maso Martis","og_description":"Bei Maso Martis wird Freundschaft gro\u00df geschrieben und im Laufe der Jahre haben wir das Gl\u00fcck gehabt, Beziehungen zu pflegen, die uns sowohl menschlich als auch beruflich wachsen lie\u00dfen. Unsere Freundschaft mit dem Unternehmer Luca Bondioli begann 2014, als er die Maso Martis Trentodoc-Spumanti f\u00fcr die Einf\u00fchrung seiner Designermarke 1177 w\u00e4hlte, mit der er Socken f\u00fcr M\u00e4nner, Frauen und Kinder aus dem High-Tech-Garn Dryarn herstellt. Mit diesem Garn hat er f\u00fcr uns einzigartige Flaschenh\u00fcllen f\u00fcr [&hellip;]","og_url":"https:\/\/www.masomartis.it\/de\/kooperationen\/","og_site_name":"Maso Martis","og_image":[{"width":2000,"height":1333,"url":"https:\/\/www.masomartis.it\/wp-content\/uploads\/2018\/07\/H4A4003-1.jpg","type":"image\/jpeg"}],"twitter_card":"summary_large_image","twitter_misc":{"Gesch\u00e4tzte Lesezeit":"2\u00a0Minuten"},"schema":{"@context":"https:\/\/schema.org","@graph":[{"@type":"WebPage","@id":"https:\/\/www.masomartis.it\/de\/kooperationen\/","url":"https:\/\/www.masomartis.it\/de\/kooperationen\/","name":"Kooperationen - Maso Martis","isPartOf":{"@id":"https:\/\/www.masomartis.it\/#website"},"primaryImageOfPage":{"@id":"https:\/\/www.masomartis.it\/de\/kooperationen\/#primaryimage"},"image":{"@id":"https:\/\/www.masomartis.it\/de\/kooperationen\/#primaryimage"},"thumbnailUrl":"https:\/\/www.masomartis.it\/wp-content\/uploads\/2018\/07\/H4A4003-1.jpg","datePublished":"2022-09-12T15:29:38+00:00","breadcrumb":{"@id":"https:\/\/www.masomartis.it\/de\/kooperationen\/#breadcrumb"},"inLanguage":"de","potentialAction":[{"@type":"ReadAction","target":["https:\/\/www.masomartis.it\/de\/kooperationen\/"]}]},{"@type":"ImageObject","inLanguage":"de","@id":"https:\/\/www.masomartis.it\/de\/kooperationen\/#primaryimage","url":"https:\/\/www.masomartis.it\/wp-content\/uploads\/2018\/07\/H4A4003-1.jpg","contentUrl":"https:\/\/www.masomartis.it\/wp-content\/uploads\/2018\/07\/H4A4003-1.jpg","width":2000,"height":1333},{"@type":"BreadcrumbList","@id":"https:\/\/www.masomartis.it\/de\/kooperationen\/#breadcrumb","itemListElement":[{"@type":"ListItem","position":1,"name":"Home","item":"https:\/\/www.masomartis.it\/de\/"},{"@type":"ListItem","position":2,"name":"Kooperationen"}]},{"@type":"WebSite","@id":"https:\/\/www.masomartis.it\/#website","url":"https:\/\/www.masomartis.it\/","name":"Maso Martis","description":"Effervescenza delle Dolomiti","potentialAction":[{"@type":"SearchAction","target":{"@type":"EntryPoint","urlTemplate":"https:\/\/www.masomartis.it\/?s={search_term_string}"},"query-input":{"@type":"PropertyValueSpecification","valueRequired":true,"valueName":"search_term_string"}}],"inLanguage":"de"}]}},"meta_box":{"team_title":"","team_picture":false,"video_title":"","video_content":"","video_picture":false,"brochure_title":"","brochure_description":"","brochure_cover":false,"brochure_pdf":[],"prizes":[],"teamitems":[],"pressitems":[],"galleria":[],"shortcode_form":"","link_title":"","link_url":"","simplegrids":[],"visits":[],"visits_food":[],"additional_info":"","slider_slogan":"","slider_subtitle":"","slideshow":[],"intro_title":"","intro_subtitle":"","intro_content":"","intro_picture":false,"philosophy_title":"","philosophy_content":"","philosophy_picture":false,"wines_title":"","wines_subtitle":"","wines":[],"events_title":"","events_subtitle":"","blog_title":"","blog_subtitle":"","main_news":""},"_links":{"self":[{"href":"https:\/\/www.masomartis.it\/de\/wp-json\/wp\/v2\/pages\/5324","targetHints":{"allow":["GET"]}}],"collection":[{"href":"https:\/\/www.masomartis.it\/de\/wp-json\/wp\/v2\/pages"}],"about":[{"href":"https:\/\/www.masomartis.it\/de\/wp-json\/wp\/v2\/types\/page"}],"author":[{"embeddable":true,"href":"https:\/\/www.masomartis.it\/de\/wp-json\/wp\/v2\/users\/3"}],"replies":[{"embeddable":true,"href":"https:\/\/www.masomartis.it\/de\/wp-json\/wp\/v2\/comments?post=5324"}],"version-history":[{"count":2,"href":"https:\/\/www.masomartis.it\/de\/wp-json\/wp\/v2\/pages\/5324\/revisions"}],"predecessor-version":[{"id":5326,"href":"https:\/\/www.masomartis.it\/de\/wp-json\/wp\/v2\/pages\/5324\/revisions\/5326"}],"wp:featuredmedia":[{"embeddable":true,"href":"https:\/\/www.masomartis.it\/de\/wp-json\/wp\/v2\/media\/5332"}],"wp:attachment":[{"href":"https:\/\/www.masomartis.it\/de\/wp-json\/wp\/v2\/media?parent=5324"}],"curies":[{"name":"wp","href":"https:\/\/api.w.org\/{rel}","templated":true}]}}