{"id":5333,"date":"2022-09-12T17:34:21","date_gmt":"2022-09-12T15:34:21","guid":{"rendered":"https:\/\/www.masomartis.it\/?page_id=5333"},"modified":"2024-07-17T13:40:07","modified_gmt":"2024-07-17T11:40:07","slug":"unser-betrieb","status":"publish","type":"page","link":"https:\/\/www.masomartis.it\/de\/unser-betrieb\/","title":{"rendered":"Unser Betrieb"},"content":{"rendered":"<p class=\"p1\"><span class=\"s1\">Unser Weingut wurde 1990 gegr\u00fcndet, ein paar Jahre, bevor unsere T\u00f6chter Alessandra und Maddalena das Licht der Welt erblickten.\u00a0<\/span><\/p>\n<p class=\"p1\"><span class=\"s1\">Von Anfang an haben wir uns fast ausschlie\u00dflich der <strong>Kunst der Spumante-Herstellung nach dem Flascheng\u00e4rverfahren<\/strong>, auf Italienisch \u201eMetodo Classico\u201c, gewidmet, was zu jener Zeit eine echte Herausforderung war, da diese Art von Produkt im Trentino noch nicht so verbreitet war wie heute durch das Qualit\u00e4tssiegel TRENTODOC. Wir haben uns der Produktion von Weinen mit Flascheng\u00e4rung verschrieben, weil diese das Terroir des Trentino voll zur Geltung und Entfaltung bringen. Wir haben uns aus Leidenschaft und mit derselben Begeisterung, mit der wir unser Weingut gegr\u00fcndet haben, f\u00fcr diesen Wein entschieden. Die Weinproduktion nach der Metodo Classico ist heute f\u00fcr uns Teil unseres Alltags und im Laufe der Jahre haben wir eine ganz besondere Selektion und Bewirtschaftung unserer Weinberge entwickelt. <span class=\"Apple-converted-space\">\u00a0 \u00a0 \u00a0<\/span><\/span><\/p>\n<p class=\"p1\"><span class=\"s1\"><strong>Wir leben in dem Haus inmitten unserer Weinberge<\/strong> und somit ist f\u00fcr uns der \u00dcbergang zum biologischen Weinbau die nat\u00fcrliche Folge unserer Lebensweise, bei der die Lebensqualit\u00e4t an oberster Stelle steht.<br \/>\n<\/span><span class=\"s1\">Maso Martis befindet sich in<strong> Martignano, am Fu\u00dfe des Monte Calisio<\/strong> (der auch Monte Argentario genannt wird) oberhalb der Stadt Trento in 450 m H\u00f6he. In diesen Berglagen mit optimaler Exposition, wo stets eine sanfte Brise aus den Bergen weht, wird bereits seit Ende des 19. Jh. Wein angebaut.<\/span><\/p>\n<p class=\"p1\"><span class=\"s1\"><strong>Unsere Liebe zum Detail ist das Ergebnis einer erfolgreichen Teamarbeit.<\/strong> Andrea Cristelloni mit Daniele Tomasi im Weinberg und Matteo Ferrari in der Kellerei sind fester Bestandteil unseres leidenschaftlichen Projekts. <\/span><\/p>\n<p class=\"p1\"><span class=\"s1\"><strong>All das steckt hinter jeder einzelnen Flasche von Maso Martis<\/strong>, die unsere Unterschrift tr\u00e4gt. In wenigen Jahren haben alle Spumanti, die wir mit der Metodo Classico erzeugt haben, die h\u00f6chsten Auszeichnungen der bedeutendsten Weinf\u00fchrer erhalten.<span class=\"Apple-converted-space\">\u00a0 \u00a0<\/span><\/span><\/p>\n","protected":false},"excerpt":{"rendered":"<p>Unser Weingut wurde 1990 gegr\u00fcndet, ein paar Jahre, bevor unsere T\u00f6chter Alessandra und Maddalena das Licht der Welt erblickten.\u00a0 Von Anfang an haben wir uns fast ausschlie\u00dflich der Kunst der Spumante-Herstellung nach dem Flascheng\u00e4rverfahren, auf Italienisch \u201eMetodo Classico\u201c, gewidmet, was zu jener Zeit eine echte Herausforderung war, da diese Art von Produkt im Trentino noch nicht so verbreitet war wie heute durch das Qualit\u00e4tssiegel TRENTODOC. Wir haben uns der Produktion von Weinen mit Flascheng\u00e4rung verschrieben, [&hellip;]<\/p>\n","protected":false},"author":3,"featured_media":5338,"parent":0,"menu_order":0,"comment_status":"closed","ping_status":"closed","template":"page-templates\/company.php","meta":{"footnotes":""},"class_list":["post-5333","page","type-page","status-publish","has-post-thumbnail","hentry"],"yoast_head":"<!-- This site is optimized with the Yoast SEO plugin v27.2 - https:\/\/yoast.com\/product\/yoast-seo-wordpress\/ -->\n<title>Unser Betrieb - Maso Martis<\/title>\n<meta name=\"robots\" content=\"index, follow, max-snippet:-1, max-image-preview:large, max-video-preview:-1\" \/>\n<link rel=\"canonical\" href=\"https:\/\/www.masomartis.it\/de\/unser-betrieb\/\" \/>\n<meta property=\"og:locale\" content=\"de_DE\" \/>\n<meta property=\"og:type\" content=\"article\" \/>\n<meta property=\"og:title\" content=\"Unser Betrieb - Maso Martis\" \/>\n<meta property=\"og:description\" content=\"Unser Weingut wurde 1990 gegr\u00fcndet, ein paar Jahre, bevor unsere T\u00f6chter Alessandra und Maddalena das Licht der Welt erblickten.\u00a0 Von Anfang an haben wir uns fast ausschlie\u00dflich der Kunst der Spumante-Herstellung nach dem Flascheng\u00e4rverfahren, auf Italienisch \u201eMetodo Classico\u201c, gewidmet, was zu jener Zeit eine echte Herausforderung war, da diese Art von Produkt im Trentino noch nicht so verbreitet war wie heute durch das Qualit\u00e4tssiegel TRENTODOC. Wir haben uns der Produktion von Weinen mit Flascheng\u00e4rung verschrieben, [&hellip;]\" \/>\n<meta property=\"og:url\" content=\"https:\/\/www.masomartis.it\/de\/unser-betrieb\/\" \/>\n<meta property=\"og:site_name\" content=\"Maso Martis\" \/>\n<meta property=\"article:modified_time\" content=\"2024-07-17T11:40:07+00:00\" \/>\n<meta property=\"og:image\" content=\"https:\/\/www.masomartis.it\/wp-content\/uploads\/2018\/07\/20160525_masomartis-0054142-ALICE-RUSSOLO-scaled.jpg\" \/>\n\t<meta property=\"og:image:width\" content=\"2560\" \/>\n\t<meta property=\"og:image:height\" content=\"1920\" \/>\n\t<meta property=\"og:image:type\" content=\"image\/jpeg\" \/>\n<meta name=\"twitter:card\" content=\"summary_large_image\" \/>\n<meta name=\"twitter:label1\" content=\"Gesch\u00e4tzte Lesezeit\" \/>\n\t<meta name=\"twitter:data1\" content=\"2\u00a0Minuten\" \/>\n<script type=\"application\/ld+json\" class=\"yoast-schema-graph\">{\"@context\":\"https:\/\/schema.org\",\"@graph\":[{\"@type\":\"WebPage\",\"@id\":\"https:\/\/www.masomartis.it\/de\/unser-betrieb\/\",\"url\":\"https:\/\/www.masomartis.it\/de\/unser-betrieb\/\",\"name\":\"Unser Betrieb - Maso Martis\",\"isPartOf\":{\"@id\":\"https:\/\/www.masomartis.it\/#website\"},\"primaryImageOfPage\":{\"@id\":\"https:\/\/www.masomartis.it\/de\/unser-betrieb\/#primaryimage\"},\"image\":{\"@id\":\"https:\/\/www.masomartis.it\/de\/unser-betrieb\/#primaryimage\"},\"thumbnailUrl\":\"https:\/\/www.masomartis.it\/wp-content\/uploads\/2018\/07\/20160525_masomartis-0054142-ALICE-RUSSOLO-scaled.jpg\",\"datePublished\":\"2022-09-12T15:34:21+00:00\",\"dateModified\":\"2024-07-17T11:40:07+00:00\",\"breadcrumb\":{\"@id\":\"https:\/\/www.masomartis.it\/de\/unser-betrieb\/#breadcrumb\"},\"inLanguage\":\"de\",\"potentialAction\":[{\"@type\":\"ReadAction\",\"target\":[\"https:\/\/www.masomartis.it\/de\/unser-betrieb\/\"]}]},{\"@type\":\"ImageObject\",\"inLanguage\":\"de\",\"@id\":\"https:\/\/www.masomartis.it\/de\/unser-betrieb\/#primaryimage\",\"url\":\"https:\/\/www.masomartis.it\/wp-content\/uploads\/2018\/07\/20160525_masomartis-0054142-ALICE-RUSSOLO-scaled.jpg\",\"contentUrl\":\"https:\/\/www.masomartis.it\/wp-content\/uploads\/2018\/07\/20160525_masomartis-0054142-ALICE-RUSSOLO-scaled.jpg\",\"width\":2560,\"height\":1920},{\"@type\":\"BreadcrumbList\",\"@id\":\"https:\/\/www.masomartis.it\/de\/unser-betrieb\/#breadcrumb\",\"itemListElement\":[{\"@type\":\"ListItem\",\"position\":1,\"name\":\"Home\",\"item\":\"https:\/\/www.masomartis.it\/de\/\"},{\"@type\":\"ListItem\",\"position\":2,\"name\":\"Unser Betrieb\"}]},{\"@type\":\"WebSite\",\"@id\":\"https:\/\/www.masomartis.it\/#website\",\"url\":\"https:\/\/www.masomartis.it\/\",\"name\":\"Maso Martis\",\"description\":\"Effervescenza delle Dolomiti\",\"potentialAction\":[{\"@type\":\"SearchAction\",\"target\":{\"@type\":\"EntryPoint\",\"urlTemplate\":\"https:\/\/www.masomartis.it\/?s={search_term_string}\"},\"query-input\":{\"@type\":\"PropertyValueSpecification\",\"valueRequired\":true,\"valueName\":\"search_term_string\"}}],\"inLanguage\":\"de\"}]}<\/script>\n<!-- \/ Yoast SEO plugin. -->","yoast_head_json":{"title":"Unser Betrieb - Maso Martis","robots":{"index":"index","follow":"follow","max-snippet":"max-snippet:-1","max-image-preview":"max-image-preview:large","max-video-preview":"max-video-preview:-1"},"canonical":"https:\/\/www.masomartis.it\/de\/unser-betrieb\/","og_locale":"de_DE","og_type":"article","og_title":"Unser Betrieb - Maso Martis","og_description":"Unser Weingut wurde 1990 gegr\u00fcndet, ein paar Jahre, bevor unsere T\u00f6chter Alessandra und Maddalena das Licht der Welt erblickten.\u00a0 Von Anfang an haben wir uns fast ausschlie\u00dflich der Kunst der Spumante-Herstellung nach dem Flascheng\u00e4rverfahren, auf Italienisch \u201eMetodo Classico\u201c, gewidmet, was zu jener Zeit eine echte Herausforderung war, da diese Art von Produkt im Trentino noch nicht so verbreitet war wie heute durch das Qualit\u00e4tssiegel TRENTODOC. Wir haben uns der Produktion von Weinen mit Flascheng\u00e4rung verschrieben, [&hellip;]","og_url":"https:\/\/www.masomartis.it\/de\/unser-betrieb\/","og_site_name":"Maso Martis","article_modified_time":"2024-07-17T11:40:07+00:00","og_image":[{"width":2560,"height":1920,"url":"https:\/\/www.masomartis.it\/wp-content\/uploads\/2018\/07\/20160525_masomartis-0054142-ALICE-RUSSOLO-scaled.jpg","type":"image\/jpeg"}],"twitter_card":"summary_large_image","twitter_misc":{"Gesch\u00e4tzte Lesezeit":"2\u00a0Minuten"},"schema":{"@context":"https:\/\/schema.org","@graph":[{"@type":"WebPage","@id":"https:\/\/www.masomartis.it\/de\/unser-betrieb\/","url":"https:\/\/www.masomartis.it\/de\/unser-betrieb\/","name":"Unser Betrieb - Maso Martis","isPartOf":{"@id":"https:\/\/www.masomartis.it\/#website"},"primaryImageOfPage":{"@id":"https:\/\/www.masomartis.it\/de\/unser-betrieb\/#primaryimage"},"image":{"@id":"https:\/\/www.masomartis.it\/de\/unser-betrieb\/#primaryimage"},"thumbnailUrl":"https:\/\/www.masomartis.it\/wp-content\/uploads\/2018\/07\/20160525_masomartis-0054142-ALICE-RUSSOLO-scaled.jpg","datePublished":"2022-09-12T15:34:21+00:00","dateModified":"2024-07-17T11:40:07+00:00","breadcrumb":{"@id":"https:\/\/www.masomartis.it\/de\/unser-betrieb\/#breadcrumb"},"inLanguage":"de","potentialAction":[{"@type":"ReadAction","target":["https:\/\/www.masomartis.it\/de\/unser-betrieb\/"]}]},{"@type":"ImageObject","inLanguage":"de","@id":"https:\/\/www.masomartis.it\/de\/unser-betrieb\/#primaryimage","url":"https:\/\/www.masomartis.it\/wp-content\/uploads\/2018\/07\/20160525_masomartis-0054142-ALICE-RUSSOLO-scaled.jpg","contentUrl":"https:\/\/www.masomartis.it\/wp-content\/uploads\/2018\/07\/20160525_masomartis-0054142-ALICE-RUSSOLO-scaled.jpg","width":2560,"height":1920},{"@type":"BreadcrumbList","@id":"https:\/\/www.masomartis.it\/de\/unser-betrieb\/#breadcrumb","itemListElement":[{"@type":"ListItem","position":1,"name":"Home","item":"https:\/\/www.masomartis.it\/de\/"},{"@type":"ListItem","position":2,"name":"Unser Betrieb"}]},{"@type":"WebSite","@id":"https:\/\/www.masomartis.it\/#website","url":"https:\/\/www.masomartis.it\/","name":"Maso Martis","description":"Effervescenza delle Dolomiti","potentialAction":[{"@type":"SearchAction","target":{"@type":"EntryPoint","urlTemplate":"https:\/\/www.masomartis.it\/?s={search_term_string}"},"query-input":{"@type":"PropertyValueSpecification","valueRequired":true,"valueName":"search_term_string"}}],"inLanguage":"de"}]}},"meta_box":{"team_title":"Maso Martis Team","team_picture":{"width":150,"height":150,"file":"2024\/07\/maso-martis-team-2024-v.1.jpg","filesize":2367654,"sizes":{"medium":{"file":"maso-martis-team-2024-v.1-300x200.jpg","width":300,"height":200,"mime-type":"image\/jpeg","filesize":22800,"url":"https:\/\/www.masomartis.it\/wp-content\/uploads\/2024\/07\/maso-martis-team-2024-v.1-300x200.jpg"},"large":{"file":"maso-martis-team-2024-v.1-1024x682.jpg","width":1024,"height":682,"mime-type":"image\/jpeg","filesize":239074,"url":"https:\/\/www.masomartis.it\/wp-content\/uploads\/2024\/07\/maso-martis-team-2024-v.1-1024x682.jpg"},"thumbnail":{"file":"maso-martis-team-2024-v.1-150x150.jpg","width":150,"height":150,"mime-type":"image\/jpeg","filesize":9358,"url":"https:\/\/www.masomartis.it\/wp-content\/uploads\/2024\/07\/maso-martis-team-2024-v.1-150x150.jpg"},"medium_large":{"file":"maso-martis-team-2024-v.1-768x512.jpg","width":768,"height":512,"mime-type":"image\/jpeg","filesize":139215,"url":"https:\/\/www.masomartis.it\/wp-content\/uploads\/2024\/07\/maso-martis-team-2024-v.1-768x512.jpg"},"1536x1536":{"file":"maso-martis-team-2024-v.1-1536x1024.jpg","width":1536,"height":1024,"mime-type":"image\/jpeg","filesize":481914,"url":"https:\/\/www.masomartis.it\/wp-content\/uploads\/2024\/07\/maso-martis-team-2024-v.1-1536x1024.jpg"},"slideshow":{"file":"maso-martis-team-2024-v.1-1600x1100.jpg","width":1600,"height":1100,"mime-type":"image\/jpeg","filesize":529075,"url":"https:\/\/www.masomartis.it\/wp-content\/uploads\/2024\/07\/maso-martis-team-2024-v.1-1600x1100.jpg"},"evidenza":{"file":"maso-martis-team-2024-v.1-700x950.jpg","width":700,"height":950,"mime-type":"image\/jpeg","filesize":207538,"url":"https:\/\/www.masomartis.it\/wp-content\/uploads\/2024\/07\/maso-martis-team-2024-v.1-700x950.jpg"},"foto_pagina":{"file":"maso-martis-team-2024-v.1-1600x620.jpg","width":1600,"height":620,"mime-type":"image\/jpeg","filesize":271671,"url":"https:\/\/www.masomartis.it\/wp-content\/uploads\/2024\/07\/maso-martis-team-2024-v.1-1600x620.jpg"},"mini_bottiglia":{"file":"maso-martis-team-2024-v.1-130x380.jpg","width":130,"height":380,"mime-type":"image\/jpeg","filesize":19631,"url":"https:\/\/www.masomartis.it\/wp-content\/uploads\/2024\/07\/maso-martis-team-2024-v.1-130x380.jpg"},"quadrato":{"file":"maso-martis-team-2024-v.1-640x640.jpg","width":640,"height":640,"mime-type":"image\/jpeg","filesize":140350,"url":"https:\/\/www.masomartis.it\/wp-content\/uploads\/2024\/07\/maso-martis-team-2024-v.1-640x640.jpg"},"small_pano":{"file":"maso-martis-team-2024-v.1-700x400.jpg","width":700,"height":400,"mime-type":"image\/jpeg","filesize":99337,"url":"https:\/\/www.masomartis.it\/wp-content\/uploads\/2024\/07\/maso-martis-team-2024-v.1-700x400.jpg"},"zoom":{"file":"maso-martis-team-2024-v.1-1598x1065.jpg","width":1598,"height":1065,"mime-type":"image\/jpeg","filesize":518092,"url":"https:\/\/www.masomartis.it\/wp-content\/uploads\/2024\/07\/maso-martis-team-2024-v.1-1598x1065.jpg"},"woocommerce_thumbnail":{"file":"maso-martis-team-2024-v.1-400x400.jpg","width":400,"height":400,"mime-type":"image\/jpeg","filesize":58424,"uncropped":false,"url":"https:\/\/www.masomartis.it\/wp-content\/uploads\/2024\/07\/maso-martis-team-2024-v.1-400x400.jpg"},"woocommerce_single":{"file":"maso-martis-team-2024-v.1-600x400.jpg","width":600,"height":400,"mime-type":"image\/jpeg","filesize":87114,"url":"https:\/\/www.masomartis.it\/wp-content\/uploads\/2024\/07\/maso-martis-team-2024-v.1-600x400.jpg"},"woocommerce_gallery_thumbnail":{"file":"maso-martis-team-2024-v.1-100x100.jpg","width":100,"height":100,"mime-type":"image\/jpeg","filesize":4686,"url":"https:\/\/www.masomartis.it\/wp-content\/uploads\/2024\/07\/maso-martis-team-2024-v.1-100x100.jpg"}},"image_meta":{"aperture":"0","credit":"","camera":"","caption":"","created_timestamp":"0","copyright":"VideoPeek","focal_length":"0","iso":"0","shutter_speed":"0","title":"","orientation":"0","keywords":[]},"ID":"9939","name":"maso-martis-team-2024-v.1.jpg","path":"\/home\/u555980540\/domains\/masomartis.it\/public_html\/wp-content\/uploads\/2024\/07\/maso-martis-team-2024-v.1.jpg","url":"https:\/\/www.masomartis.it\/wp-content\/uploads\/2024\/07\/maso-martis-team-2024-v.1-150x150.jpg","full_url":"https:\/\/www.masomartis.it\/wp-content\/uploads\/2024\/07\/maso-martis-team-2024-v.1.jpg","title":"maso-martis-team-2024-v.1","caption":"","description":"","alt":"","srcset":"https:\/\/www.masomartis.it\/wp-content\/uploads\/2024\/07\/maso-martis-team-2024-v.1-150x150.jpg 150w, https:\/\/www.masomartis.it\/wp-content\/uploads\/2024\/07\/maso-martis-team-2024-v.1-640x640.jpg 640w, https:\/\/www.masomartis.it\/wp-content\/uploads\/2024\/07\/maso-martis-team-2024-v.1-400x400.jpg 400w, https:\/\/www.masomartis.it\/wp-content\/uploads\/2024\/07\/maso-martis-team-2024-v.1-100x100.jpg 100w"},"video_title":"Party in the vineyard at Maso Martis","video_content":"25 years of Trentodoc in the heart!","video_picture":{"width":150,"height":150,"file":"2024\/07\/G15_8375-1.jpg","filesize":600617,"sizes":{"medium":{"file":"G15_8375-1-300x240.jpg","width":300,"height":240,"mime-type":"image\/jpeg","filesize":20438,"url":"https:\/\/www.masomartis.it\/wp-content\/uploads\/2024\/07\/G15_8375-1-300x240.jpg"},"large":{"file":"G15_8375-1-1024x819.jpg","width":1024,"height":819,"mime-type":"image\/jpeg","filesize":130563,"url":"https:\/\/www.masomartis.it\/wp-content\/uploads\/2024\/07\/G15_8375-1-1024x819.jpg"},"thumbnail":{"file":"G15_8375-1-150x150.jpg","width":150,"height":150,"mime-type":"image\/jpeg","filesize":8024,"url":"https:\/\/www.masomartis.it\/wp-content\/uploads\/2024\/07\/G15_8375-1-150x150.jpg"},"medium_large":{"file":"G15_8375-1-768x614.jpg","width":768,"height":614,"mime-type":"image\/jpeg","filesize":85009,"url":"https:\/\/www.masomartis.it\/wp-content\/uploads\/2024\/07\/G15_8375-1-768x614.jpg"},"1536x1536":{"file":"G15_8375-1-1536x1229.jpg","width":1536,"height":1229,"mime-type":"image\/jpeg","filesize":239365,"url":"https:\/\/www.masomartis.it\/wp-content\/uploads\/2024\/07\/G15_8375-1-1536x1229.jpg"},"slideshow":{"file":"G15_8375-1-1600x1100.jpg","width":1600,"height":1100,"mime-type":"image\/jpeg","filesize":228048,"url":"https:\/\/www.masomartis.it\/wp-content\/uploads\/2024\/07\/G15_8375-1-1600x1100.jpg"},"evidenza":{"file":"G15_8375-1-700x950.jpg","width":700,"height":950,"mime-type":"image\/jpeg","filesize":98976,"url":"https:\/\/www.masomartis.it\/wp-content\/uploads\/2024\/07\/G15_8375-1-700x950.jpg"},"foto_pagina":{"file":"G15_8375-1-1600x620.jpg","width":1600,"height":620,"mime-type":"image\/jpeg","filesize":151238,"url":"https:\/\/www.masomartis.it\/wp-content\/uploads\/2024\/07\/G15_8375-1-1600x620.jpg"},"mini_bottiglia":{"file":"G15_8375-1-130x380.jpg","width":130,"height":380,"mime-type":"image\/jpeg","filesize":13846,"url":"https:\/\/www.masomartis.it\/wp-content\/uploads\/2024\/07\/G15_8375-1-130x380.jpg"},"quadrato":{"file":"G15_8375-1-640x640.jpg","width":640,"height":640,"mime-type":"image\/jpeg","filesize":71505,"url":"https:\/\/www.masomartis.it\/wp-content\/uploads\/2024\/07\/G15_8375-1-640x640.jpg"},"small_pano":{"file":"G15_8375-1-700x400.jpg","width":700,"height":400,"mime-type":"image\/jpeg","filesize":58625,"url":"https:\/\/www.masomartis.it\/wp-content\/uploads\/2024\/07\/G15_8375-1-700x400.jpg"},"zoom":{"file":"G15_8375-1-1331x1065.jpg","width":1331,"height":1065,"mime-type":"image\/jpeg","filesize":193648,"url":"https:\/\/www.masomartis.it\/wp-content\/uploads\/2024\/07\/G15_8375-1-1331x1065.jpg"},"woocommerce_thumbnail":{"file":"G15_8375-1-400x400.jpg","width":400,"height":400,"mime-type":"image\/jpeg","filesize":35740,"uncropped":false,"url":"https:\/\/www.masomartis.it\/wp-content\/uploads\/2024\/07\/G15_8375-1-400x400.jpg"},"woocommerce_single":{"file":"G15_8375-1-600x480.jpg","width":600,"height":480,"mime-type":"image\/jpeg","filesize":58723,"url":"https:\/\/www.masomartis.it\/wp-content\/uploads\/2024\/07\/G15_8375-1-600x480.jpg"},"woocommerce_gallery_thumbnail":{"file":"G15_8375-1-100x100.jpg","width":100,"height":100,"mime-type":"image\/jpeg","filesize":4457,"url":"https:\/\/www.masomartis.it\/wp-content\/uploads\/2024\/07\/G15_8375-1-100x100.jpg"}},"image_meta":{"aperture":"0","credit":"","camera":"","caption":"","created_timestamp":"0","copyright":"{2015}LuisellaSavorelli","focal_length":"0","iso":"0","shutter_speed":"0","title":"","orientation":"0","keywords":[]},"ID":"9944","name":"G15_8375-1.jpg","path":"\/home\/u555980540\/domains\/masomartis.it\/public_html\/wp-content\/uploads\/2024\/07\/G15_8375-1.jpg","url":"https:\/\/www.masomartis.it\/wp-content\/uploads\/2024\/07\/G15_8375-1-150x150.jpg","full_url":"https:\/\/www.masomartis.it\/wp-content\/uploads\/2024\/07\/G15_8375-1.jpg","title":"G15_8375-1","caption":"","description":"","alt":"","srcset":"https:\/\/www.masomartis.it\/wp-content\/uploads\/2024\/07\/G15_8375-1-150x150.jpg 150w, https:\/\/www.masomartis.it\/wp-content\/uploads\/2024\/07\/G15_8375-1-640x640.jpg 640w, https:\/\/www.masomartis.it\/wp-content\/uploads\/2024\/07\/G15_8375-1-400x400.jpg 400w, https:\/\/www.masomartis.it\/wp-content\/uploads\/2024\/07\/G15_8375-1-100x100.jpg 100w"},"brochure_title":"","brochure_description":"","brochure_cover":false,"brochure_pdf":[],"prizes":[],"teamitems":[],"pressitems":[],"galleria":[],"shortcode_form":"","link_title":"","link_url":"","simplegrids":[],"visits":[],"visits_food":[],"additional_info":"","slider_slogan":"","slider_subtitle":"","slideshow":[],"intro_title":"","intro_subtitle":"","intro_content":"","intro_picture":false,"philosophy_title":"","philosophy_content":"","philosophy_picture":false,"wines_title":"","wines_subtitle":"","wines":[],"events_title":"","events_subtitle":"","blog_title":"","blog_subtitle":"","main_news":""},"_links":{"self":[{"href":"https:\/\/www.masomartis.it\/de\/wp-json\/wp\/v2\/pages\/5333","targetHints":{"allow":["GET"]}}],"collection":[{"href":"https:\/\/www.masomartis.it\/de\/wp-json\/wp\/v2\/pages"}],"about":[{"href":"https:\/\/www.masomartis.it\/de\/wp-json\/wp\/v2\/types\/page"}],"author":[{"embeddable":true,"href":"https:\/\/www.masomartis.it\/de\/wp-json\/wp\/v2\/users\/3"}],"replies":[{"embeddable":true,"href":"https:\/\/www.masomartis.it\/de\/wp-json\/wp\/v2\/comments?post=5333"}],"version-history":[{"count":2,"href":"https:\/\/www.masomartis.it\/de\/wp-json\/wp\/v2\/pages\/5333\/revisions"}],"predecessor-version":[{"id":5335,"href":"https:\/\/www.masomartis.it\/de\/wp-json\/wp\/v2\/pages\/5333\/revisions\/5335"}],"wp:featuredmedia":[{"embeddable":true,"href":"https:\/\/www.masomartis.it\/de\/wp-json\/wp\/v2\/media\/5338"}],"wp:attachment":[{"href":"https:\/\/www.masomartis.it\/de\/wp-json\/wp\/v2\/media?parent=5333"}],"curies":[{"name":"wp","href":"https:\/\/api.w.org\/{rel}","templated":true}]}}