{"id":5339,"date":"2022-09-12T17:35:57","date_gmt":"2022-09-12T15:35:57","guid":{"rendered":"https:\/\/www.masomartis.it\/?page_id=5339"},"modified":"2024-07-17T12:38:04","modified_gmt":"2024-07-17T10:38:04","slug":"maso-martis-team","status":"publish","type":"page","link":"https:\/\/www.masomartis.it\/de\/maso-martis-team\/","title":{"rendered":"Maso Martis Team"},"content":{"rendered":"<h3 style=\"text-align: center;\">Jeder Erfolg ist das Ergebnis einer gelungenen Teamarbeit<\/h3>\n","protected":false},"excerpt":{"rendered":"<p>Jeder Erfolg ist das Ergebnis einer gelungenen Teamarbeit<\/p>\n","protected":false},"author":3,"featured_media":9927,"parent":0,"menu_order":0,"comment_status":"closed","ping_status":"closed","template":"page-templates\/team.php","meta":{"footnotes":""},"class_list":["post-5339","page","type-page","status-publish","has-post-thumbnail","hentry"],"yoast_head":"<!-- This site is optimized with the Yoast SEO plugin v27.2 - https:\/\/yoast.com\/product\/yoast-seo-wordpress\/ -->\n<title>Maso Martis Team - Maso Martis<\/title>\n<meta name=\"robots\" content=\"index, follow, max-snippet:-1, max-image-preview:large, max-video-preview:-1\" \/>\n<link rel=\"canonical\" href=\"https:\/\/www.masomartis.it\/de\/maso-martis-team\/\" \/>\n<meta property=\"og:locale\" content=\"de_DE\" \/>\n<meta property=\"og:type\" content=\"article\" \/>\n<meta property=\"og:title\" content=\"Maso Martis Team - Maso Martis\" \/>\n<meta property=\"og:description\" content=\"Jeder Erfolg ist das Ergebnis einer gelungenen Teamarbeit\" \/>\n<meta property=\"og:url\" content=\"https:\/\/www.masomartis.it\/de\/maso-martis-team\/\" \/>\n<meta property=\"og:site_name\" content=\"Maso Martis\" \/>\n<meta property=\"article:modified_time\" content=\"2024-07-17T10:38:04+00:00\" \/>\n<meta property=\"og:image\" content=\"https:\/\/www.masomartis.it\/wp-content\/uploads\/2024\/07\/15072024-MM-21-scaled.jpg\" \/>\n\t<meta property=\"og:image:width\" content=\"2560\" \/>\n\t<meta property=\"og:image:height\" content=\"1707\" \/>\n\t<meta property=\"og:image:type\" content=\"image\/jpeg\" \/>\n<meta name=\"twitter:card\" content=\"summary_large_image\" \/>\n<meta name=\"twitter:label1\" content=\"Gesch\u00e4tzte Lesezeit\" \/>\n\t<meta name=\"twitter:data1\" content=\"1\u00a0Minute\" \/>\n<script type=\"application\/ld+json\" class=\"yoast-schema-graph\">{\"@context\":\"https:\/\/schema.org\",\"@graph\":[{\"@type\":\"WebPage\",\"@id\":\"https:\/\/www.masomartis.it\/de\/maso-martis-team\/\",\"url\":\"https:\/\/www.masomartis.it\/de\/maso-martis-team\/\",\"name\":\"Maso Martis Team - Maso Martis\",\"isPartOf\":{\"@id\":\"https:\/\/www.masomartis.it\/#website\"},\"primaryImageOfPage\":{\"@id\":\"https:\/\/www.masomartis.it\/de\/maso-martis-team\/#primaryimage\"},\"image\":{\"@id\":\"https:\/\/www.masomartis.it\/de\/maso-martis-team\/#primaryimage\"},\"thumbnailUrl\":\"https:\/\/www.masomartis.it\/wp-content\/uploads\/2024\/07\/15072024-MM-21-scaled.jpg\",\"datePublished\":\"2022-09-12T15:35:57+00:00\",\"dateModified\":\"2024-07-17T10:38:04+00:00\",\"breadcrumb\":{\"@id\":\"https:\/\/www.masomartis.it\/de\/maso-martis-team\/#breadcrumb\"},\"inLanguage\":\"de\",\"potentialAction\":[{\"@type\":\"ReadAction\",\"target\":[\"https:\/\/www.masomartis.it\/de\/maso-martis-team\/\"]}]},{\"@type\":\"ImageObject\",\"inLanguage\":\"de\",\"@id\":\"https:\/\/www.masomartis.it\/de\/maso-martis-team\/#primaryimage\",\"url\":\"https:\/\/www.masomartis.it\/wp-content\/uploads\/2024\/07\/15072024-MM-21-scaled.jpg\",\"contentUrl\":\"https:\/\/www.masomartis.it\/wp-content\/uploads\/2024\/07\/15072024-MM-21-scaled.jpg\",\"width\":2560,\"height\":1707},{\"@type\":\"BreadcrumbList\",\"@id\":\"https:\/\/www.masomartis.it\/de\/maso-martis-team\/#breadcrumb\",\"itemListElement\":[{\"@type\":\"ListItem\",\"position\":1,\"name\":\"Home\",\"item\":\"https:\/\/www.masomartis.it\/de\/\"},{\"@type\":\"ListItem\",\"position\":2,\"name\":\"Maso Martis Team\"}]},{\"@type\":\"WebSite\",\"@id\":\"https:\/\/www.masomartis.it\/#website\",\"url\":\"https:\/\/www.masomartis.it\/\",\"name\":\"Maso Martis\",\"description\":\"Effervescenza delle Dolomiti\",\"potentialAction\":[{\"@type\":\"SearchAction\",\"target\":{\"@type\":\"EntryPoint\",\"urlTemplate\":\"https:\/\/www.masomartis.it\/?s={search_term_string}\"},\"query-input\":{\"@type\":\"PropertyValueSpecification\",\"valueRequired\":true,\"valueName\":\"search_term_string\"}}],\"inLanguage\":\"de\"}]}<\/script>\n<!-- \/ Yoast SEO plugin. -->","yoast_head_json":{"title":"Maso Martis Team - Maso Martis","robots":{"index":"index","follow":"follow","max-snippet":"max-snippet:-1","max-image-preview":"max-image-preview:large","max-video-preview":"max-video-preview:-1"},"canonical":"https:\/\/www.masomartis.it\/de\/maso-martis-team\/","og_locale":"de_DE","og_type":"article","og_title":"Maso Martis Team - Maso Martis","og_description":"Jeder Erfolg ist das Ergebnis einer gelungenen Teamarbeit","og_url":"https:\/\/www.masomartis.it\/de\/maso-martis-team\/","og_site_name":"Maso Martis","article_modified_time":"2024-07-17T10:38:04+00:00","og_image":[{"width":2560,"height":1707,"url":"https:\/\/www.masomartis.it\/wp-content\/uploads\/2024\/07\/15072024-MM-21-scaled.jpg","type":"image\/jpeg"}],"twitter_card":"summary_large_image","twitter_misc":{"Gesch\u00e4tzte Lesezeit":"1\u00a0Minute"},"schema":{"@context":"https:\/\/schema.org","@graph":[{"@type":"WebPage","@id":"https:\/\/www.masomartis.it\/de\/maso-martis-team\/","url":"https:\/\/www.masomartis.it\/de\/maso-martis-team\/","name":"Maso Martis Team - Maso Martis","isPartOf":{"@id":"https:\/\/www.masomartis.it\/#website"},"primaryImageOfPage":{"@id":"https:\/\/www.masomartis.it\/de\/maso-martis-team\/#primaryimage"},"image":{"@id":"https:\/\/www.masomartis.it\/de\/maso-martis-team\/#primaryimage"},"thumbnailUrl":"https:\/\/www.masomartis.it\/wp-content\/uploads\/2024\/07\/15072024-MM-21-scaled.jpg","datePublished":"2022-09-12T15:35:57+00:00","dateModified":"2024-07-17T10:38:04+00:00","breadcrumb":{"@id":"https:\/\/www.masomartis.it\/de\/maso-martis-team\/#breadcrumb"},"inLanguage":"de","potentialAction":[{"@type":"ReadAction","target":["https:\/\/www.masomartis.it\/de\/maso-martis-team\/"]}]},{"@type":"ImageObject","inLanguage":"de","@id":"https:\/\/www.masomartis.it\/de\/maso-martis-team\/#primaryimage","url":"https:\/\/www.masomartis.it\/wp-content\/uploads\/2024\/07\/15072024-MM-21-scaled.jpg","contentUrl":"https:\/\/www.masomartis.it\/wp-content\/uploads\/2024\/07\/15072024-MM-21-scaled.jpg","width":2560,"height":1707},{"@type":"BreadcrumbList","@id":"https:\/\/www.masomartis.it\/de\/maso-martis-team\/#breadcrumb","itemListElement":[{"@type":"ListItem","position":1,"name":"Home","item":"https:\/\/www.masomartis.it\/de\/"},{"@type":"ListItem","position":2,"name":"Maso Martis Team"}]},{"@type":"WebSite","@id":"https:\/\/www.masomartis.it\/#website","url":"https:\/\/www.masomartis.it\/","name":"Maso Martis","description":"Effervescenza delle Dolomiti","potentialAction":[{"@type":"SearchAction","target":{"@type":"EntryPoint","urlTemplate":"https:\/\/www.masomartis.it\/?s={search_term_string}"},"query-input":{"@type":"PropertyValueSpecification","valueRequired":true,"valueName":"search_term_string"}}],"inLanguage":"de"}]}},"meta_box":{"team_title":"","team_picture":false,"video_title":"","video_content":"","video_picture":false,"brochure_title":"","brochure_description":"","brochure_cover":false,"brochure_pdf":[],"prizes":[],"teamitems":[{"team_name":"ANTONIO","team_description":"<p class=\"p1\"><strong><span class=\"s1\">Inhaber und Winzer<\/span><\/strong><\/p>\r\n<p class=\"p1\"><span class=\"s1\">Antonio wacht in Begleitung seiner treuen Vierbeiner \u00fcber die Arbeit im Weinberg und in der Kellerei. Sollten Sie ihn auf dem Weingut antreffen, werden Sie sofort merken, mit was f\u00fcr einer Leidenschaft er seiner Arbeit nachgeht.\u00a0<\/span><\/p>","team_picture":"5353"},{"team_name":"ROBERTA","team_description":"<p class=\"p1\"><strong><span class=\"s1\">Vertrieb und Verwaltung<\/span><\/strong><\/p>\r\n<p class=\"p1\"><span class=\"s1\">F\u00fcr alle nur \u201cIl Boss\u201d. Mit ihrer humorvollen und energischen Art meistert sie jede Art von Herausforderung. Sie liebt es, zu reisen und unsere treuen Kunden und Kundinnen pers\u00f6nlich zu besuchen\u2026und wenn wir nicht aufpassen, werden auch wir zum Verkauf angeboten!<span class=\"Apple-converted-space\">\u00a0 \u00a0<\/span><\/span><\/p>","team_picture":"5344"},{"team_name":"ALESSANDRA","team_description":"<p class=\"p1\"><strong><span class=\"s1\">Kommunikation und Empfang<\/span><\/strong><\/p>\r\n<p class=\"p1\"><span class=\"s1\">Als unsere Expertin f\u00fcr soziale Medien ist es ihr eine Freude, mit Ihnen Bilder aus dem Alltag des Weinguts zu teilen und Sie auf eine Entdeckungstour zur Geschichte und den Produkten unseres Weinguts zu begleiten. <\/span><\/p>","team_picture":"5345"},{"team_name":"MADDALENA","team_description":"<p class=\"p1\"><strong><span class=\"s1\">Studentin und Lehrling\u00a0<\/span><\/strong><\/p>\r\n<p class=\"p1\"><span class=\"s1\">Sie besucht die Schule f\u00fcr indische Medizin (Ayurveda) in Mailand und wer wei\u00df, was sie in Zukunft mit ihrer Leidenschaft f\u00fcrs Kochen und die Natur f\u00fcr Sie bereith\u00e4lt!<\/span><\/p>","team_picture":"5346"},{"team_name":"MARTINA","team_description":"<p class=\"p1\"><strong><span class=\"s1\">Sekretariat und Verwaltung\u00a0<\/span><\/strong><\/p>\r\n<p class=\"p1\"><span class=\"s1\">Mit ihrer hilfsbereiten und freundlichen Art wird sie versuchen, sich so schnell wie m\u00f6glich um die Erledigung Ihrer Anfragen zu k\u00fcmmern.<span class=\"Apple-converted-space\">\u00a0 \u00a0<\/span><\/span><\/p>","team_picture":"5347"},{"team_name":"MATTEO","team_description":"<p class=\"p1\"><strong><span class=\"s1\">Weinbautechniker<\/span><\/strong><\/p>\r\n<p class=\"p1\"><span class=\"s1\">Schon seit 1994 ist er Teil unseres Teams und geh\u00f6rt mittlerweile zur Familie. Wenn Sie unsere Produkte lieben, ist es vor allem sein Verdienst, denn die Kellerei ist sein zweites Zuhause geworden.\u00a0<\/span><\/p>","team_picture":"5348"},{"team_name":"Edoardo","team_description":"<strong>\u00d6nologe<\/strong>\r\n\r\nNach mehreren Praktika bei uns in den vergangenen Jahren arbeitet er seit 2024 an der Seite von Matteo im Keller.","team_picture":"9933"},{"team_name":"ANDREA","team_description":"<p class=\"p1\"><strong><span class=\"s1\">Agrotechniker<\/span><\/strong><\/p>\r\n<p class=\"p1\"><span class=\"s1\">Auch unser unerm\u00fcdlicher Traktorfahrer geh\u00f6rt schon seit 2006 zu unserem Team und ist somit eine weitere \u201calte\u201d Bekanntschaft bei Maso Martis.<\/span><\/p>","team_picture":"5350"},{"team_name":"DANIEL","team_description":"<p class=\"p1\"><strong><span class=\"s1\">Agrotechniker<\/span><\/strong><\/p>\r\n<p class=\"p1\"><span class=\"s1\">Ein Neuzugang im Team von Maso Martis, der im Weinberg mit anpackt.<span class=\"Apple-converted-space\">\u00a0 \u00a0<\/span><\/span><\/p>","team_picture":"5359"},{"team_name":"TIMO & RUCOLA","team_description":"<p class=\"p1\"><strong><span class=\"s1\">Schmusen und Schnurren<\/span><\/strong><\/p>\r\n<p class=\"p1\"><span class=\"s1\">Weitere Neuzug\u00e4nge in unserem Team sind zwei unwiderstehlich s\u00fc\u00dfe K\u00e4tzchen, die sich immer \u00fcber eine Streicheleinheit freuen!<span class=\"Apple-converted-space\">\u00a0 \u00a0<\/span><\/span><\/p>","team_picture":"5355"},{"team_name":"MARGOT & MARLEY","team_description":"<p class=\"p1\"><strong><span class=\"s1\">Assistenten am Empfang<\/span><\/strong><\/p>\r\n<p class=\"p1\"><span class=\"s1\">Zusammen mit Alessandra werden Sie von ihnen durch unser Weingut gef\u00fchrt. Sie k\u00f6nnen es nicht erwarten, Sie kennenzulernen!\u00a0<\/span><\/p>","team_picture":"9911"}],"pressitems":[],"galleria":[],"shortcode_form":"","link_title":"","link_url":"","simplegrids":[],"visits":[],"visits_food":[],"additional_info":"","slider_slogan":"","slider_subtitle":"","slideshow":[],"intro_title":"","intro_subtitle":"","intro_content":"","intro_picture":false,"philosophy_title":"","philosophy_content":"","philosophy_picture":false,"wines_title":"","wines_subtitle":"","wines":[],"events_title":"","events_subtitle":"","blog_title":"","blog_subtitle":"","main_news":""},"_links":{"self":[{"href":"https:\/\/www.masomartis.it\/de\/wp-json\/wp\/v2\/pages\/5339","targetHints":{"allow":["GET"]}}],"collection":[{"href":"https:\/\/www.masomartis.it\/de\/wp-json\/wp\/v2\/pages"}],"about":[{"href":"https:\/\/www.masomartis.it\/de\/wp-json\/wp\/v2\/types\/page"}],"author":[{"embeddable":true,"href":"https:\/\/www.masomartis.it\/de\/wp-json\/wp\/v2\/users\/3"}],"replies":[{"embeddable":true,"href":"https:\/\/www.masomartis.it\/de\/wp-json\/wp\/v2\/comments?post=5339"}],"version-history":[{"count":8,"href":"https:\/\/www.masomartis.it\/de\/wp-json\/wp\/v2\/pages\/5339\/revisions"}],"predecessor-version":[{"id":5365,"href":"https:\/\/www.masomartis.it\/de\/wp-json\/wp\/v2\/pages\/5339\/revisions\/5365"}],"wp:featuredmedia":[{"embeddable":true,"href":"https:\/\/www.masomartis.it\/de\/wp-json\/wp\/v2\/media\/9927"}],"wp:attachment":[{"href":"https:\/\/www.masomartis.it\/de\/wp-json\/wp\/v2\/media?parent=5339"}],"curies":[{"name":"wp","href":"https:\/\/api.w.org\/{rel}","templated":true}]}}