{"id":5370,"date":"2022-09-12T17:52:58","date_gmt":"2022-09-12T15:52:58","guid":{"rendered":"https:\/\/www.masomartis.it\/?page_id=5370"},"modified":"2022-09-12T17:52:58","modified_gmt":"2022-09-12T15:52:58","slug":"leisten-auch-sie-ihren-beitrag-zum-umweltschutz","status":"publish","type":"page","link":"https:\/\/www.masomartis.it\/de\/leisten-auch-sie-ihren-beitrag-zum-umweltschutz\/","title":{"rendered":"Leisten auch Sie Ihren Beitrag zum Umweltschutz!"},"content":{"rendered":"<h2 class=\"p1\"><span class=\"s1\">Was uns am Herzen liegt<\/span><\/h2>\n<p class=\"p1\"><span class=\"s1\">Die <strong>Achtsamkeit f\u00fcr unsere Umwelt<\/strong> ist einer der Pfeiler unserer Produktionsphilosophie. <strong>Seit 2013 sind sowohl unser Weinberg als auch unsere Kellerei Bio-zertifiziert<\/strong>. Nach den Richtlinien der biologischen Landwirtschaft zu arbeiten, bedeutet die nat\u00fcrliche Fruchtbarkeit zu nutzen und dabei so wenig wie m\u00f6glich einzugreifen, die Biodiversit\u00e4t unserer Umwelt zu f\u00f6rdern und keine synthetischen Produkte und gentechnisch ver\u00e4nderte Organismen (GVO) zu verwenden.<span class=\"Apple-converted-space\"><br \/>\n<\/span><\/span><span class=\"s1\"><strong>Die M\u00fclltrennung ist einer der wichtigsten Schritte zum Schutz der Umwelt<\/strong>, weswegen wir Ihnen eine Anleitung zum Entsorgen unserer Produkte \u2013 Spumanti und Weine &#8211; anbieten.\u00a0<\/span><\/p>\n","protected":false},"excerpt":{"rendered":"<p>Was uns am Herzen liegt Die Achtsamkeit f\u00fcr unsere Umwelt ist einer der Pfeiler unserer Produktionsphilosophie. Seit 2013 sind sowohl unser Weinberg als auch unsere Kellerei Bio-zertifiziert. Nach den Richtlinien der biologischen Landwirtschaft zu arbeiten, bedeutet die nat\u00fcrliche Fruchtbarkeit zu nutzen und dabei so wenig wie m\u00f6glich einzugreifen, die Biodiversit\u00e4t unserer Umwelt zu f\u00f6rdern und keine synthetischen Produkte und gentechnisch ver\u00e4nderte Organismen (GVO) zu verwenden. Die M\u00fclltrennung ist einer der wichtigsten Schritte zum Schutz der [&hellip;]<\/p>\n","protected":false},"author":3,"featured_media":5372,"parent":0,"menu_order":0,"comment_status":"closed","ping_status":"closed","template":"page-templates\/recycling-info-vini.php","meta":{"footnotes":""},"class_list":["post-5370","page","type-page","status-publish","has-post-thumbnail","hentry"],"yoast_head":"<!-- This site is optimized with the Yoast SEO plugin v27.2 - https:\/\/yoast.com\/product\/yoast-seo-wordpress\/ -->\n<title>Leisten auch Sie Ihren Beitrag zum Umweltschutz! - Maso Martis<\/title>\n<meta name=\"robots\" content=\"index, follow, max-snippet:-1, max-image-preview:large, max-video-preview:-1\" \/>\n<link rel=\"canonical\" href=\"https:\/\/www.masomartis.it\/de\/leisten-auch-sie-ihren-beitrag-zum-umweltschutz\/\" \/>\n<meta property=\"og:locale\" content=\"de_DE\" \/>\n<meta property=\"og:type\" content=\"article\" \/>\n<meta property=\"og:title\" content=\"Leisten auch Sie Ihren Beitrag zum Umweltschutz! - Maso Martis\" \/>\n<meta property=\"og:description\" content=\"Was uns am Herzen liegt Die Achtsamkeit f\u00fcr unsere Umwelt ist einer der Pfeiler unserer Produktionsphilosophie. Seit 2013 sind sowohl unser Weinberg als auch unsere Kellerei Bio-zertifiziert. Nach den Richtlinien der biologischen Landwirtschaft zu arbeiten, bedeutet die nat\u00fcrliche Fruchtbarkeit zu nutzen und dabei so wenig wie m\u00f6glich einzugreifen, die Biodiversit\u00e4t unserer Umwelt zu f\u00f6rdern und keine synthetischen Produkte und gentechnisch ver\u00e4nderte Organismen (GVO) zu verwenden. Die M\u00fclltrennung ist einer der wichtigsten Schritte zum Schutz der [&hellip;]\" \/>\n<meta property=\"og:url\" content=\"https:\/\/www.masomartis.it\/de\/leisten-auch-sie-ihren-beitrag-zum-umweltschutz\/\" \/>\n<meta property=\"og:site_name\" content=\"Maso Martis\" \/>\n<meta property=\"og:image\" content=\"https:\/\/www.masomartis.it\/wp-content\/uploads\/2021\/10\/recycling-header-1.jpg\" \/>\n\t<meta property=\"og:image:width\" content=\"2400\" \/>\n\t<meta property=\"og:image:height\" content=\"1600\" \/>\n\t<meta property=\"og:image:type\" content=\"image\/jpeg\" \/>\n<meta name=\"twitter:card\" content=\"summary_large_image\" \/>\n<script type=\"application\/ld+json\" class=\"yoast-schema-graph\">{\"@context\":\"https:\/\/schema.org\",\"@graph\":[{\"@type\":\"WebPage\",\"@id\":\"https:\/\/www.masomartis.it\/de\/leisten-auch-sie-ihren-beitrag-zum-umweltschutz\/\",\"url\":\"https:\/\/www.masomartis.it\/de\/leisten-auch-sie-ihren-beitrag-zum-umweltschutz\/\",\"name\":\"Leisten auch Sie Ihren Beitrag zum Umweltschutz! - Maso Martis\",\"isPartOf\":{\"@id\":\"https:\/\/www.masomartis.it\/#website\"},\"primaryImageOfPage\":{\"@id\":\"https:\/\/www.masomartis.it\/de\/leisten-auch-sie-ihren-beitrag-zum-umweltschutz\/#primaryimage\"},\"image\":{\"@id\":\"https:\/\/www.masomartis.it\/de\/leisten-auch-sie-ihren-beitrag-zum-umweltschutz\/#primaryimage\"},\"thumbnailUrl\":\"https:\/\/www.masomartis.it\/wp-content\/uploads\/2021\/10\/recycling-header-1.jpg\",\"datePublished\":\"2022-09-12T15:52:58+00:00\",\"breadcrumb\":{\"@id\":\"https:\/\/www.masomartis.it\/de\/leisten-auch-sie-ihren-beitrag-zum-umweltschutz\/#breadcrumb\"},\"inLanguage\":\"de\",\"potentialAction\":[{\"@type\":\"ReadAction\",\"target\":[\"https:\/\/www.masomartis.it\/de\/leisten-auch-sie-ihren-beitrag-zum-umweltschutz\/\"]}]},{\"@type\":\"ImageObject\",\"inLanguage\":\"de\",\"@id\":\"https:\/\/www.masomartis.it\/de\/leisten-auch-sie-ihren-beitrag-zum-umweltschutz\/#primaryimage\",\"url\":\"https:\/\/www.masomartis.it\/wp-content\/uploads\/2021\/10\/recycling-header-1.jpg\",\"contentUrl\":\"https:\/\/www.masomartis.it\/wp-content\/uploads\/2021\/10\/recycling-header-1.jpg\",\"width\":2400,\"height\":1600},{\"@type\":\"BreadcrumbList\",\"@id\":\"https:\/\/www.masomartis.it\/de\/leisten-auch-sie-ihren-beitrag-zum-umweltschutz\/#breadcrumb\",\"itemListElement\":[{\"@type\":\"ListItem\",\"position\":1,\"name\":\"Home\",\"item\":\"https:\/\/www.masomartis.it\/de\/\"},{\"@type\":\"ListItem\",\"position\":2,\"name\":\"Leisten auch Sie Ihren Beitrag zum Umweltschutz!\"}]},{\"@type\":\"WebSite\",\"@id\":\"https:\/\/www.masomartis.it\/#website\",\"url\":\"https:\/\/www.masomartis.it\/\",\"name\":\"Maso Martis\",\"description\":\"Effervescenza delle Dolomiti\",\"potentialAction\":[{\"@type\":\"SearchAction\",\"target\":{\"@type\":\"EntryPoint\",\"urlTemplate\":\"https:\/\/www.masomartis.it\/?s={search_term_string}\"},\"query-input\":{\"@type\":\"PropertyValueSpecification\",\"valueRequired\":true,\"valueName\":\"search_term_string\"}}],\"inLanguage\":\"de\"}]}<\/script>\n<!-- \/ Yoast SEO plugin. -->","yoast_head_json":{"title":"Leisten auch Sie Ihren Beitrag zum Umweltschutz! - Maso Martis","robots":{"index":"index","follow":"follow","max-snippet":"max-snippet:-1","max-image-preview":"max-image-preview:large","max-video-preview":"max-video-preview:-1"},"canonical":"https:\/\/www.masomartis.it\/de\/leisten-auch-sie-ihren-beitrag-zum-umweltschutz\/","og_locale":"de_DE","og_type":"article","og_title":"Leisten auch Sie Ihren Beitrag zum Umweltschutz! - Maso Martis","og_description":"Was uns am Herzen liegt Die Achtsamkeit f\u00fcr unsere Umwelt ist einer der Pfeiler unserer Produktionsphilosophie. Seit 2013 sind sowohl unser Weinberg als auch unsere Kellerei Bio-zertifiziert. Nach den Richtlinien der biologischen Landwirtschaft zu arbeiten, bedeutet die nat\u00fcrliche Fruchtbarkeit zu nutzen und dabei so wenig wie m\u00f6glich einzugreifen, die Biodiversit\u00e4t unserer Umwelt zu f\u00f6rdern und keine synthetischen Produkte und gentechnisch ver\u00e4nderte Organismen (GVO) zu verwenden. Die M\u00fclltrennung ist einer der wichtigsten Schritte zum Schutz der [&hellip;]","og_url":"https:\/\/www.masomartis.it\/de\/leisten-auch-sie-ihren-beitrag-zum-umweltschutz\/","og_site_name":"Maso Martis","og_image":[{"width":2400,"height":1600,"url":"https:\/\/www.masomartis.it\/wp-content\/uploads\/2021\/10\/recycling-header-1.jpg","type":"image\/jpeg"}],"twitter_card":"summary_large_image","schema":{"@context":"https:\/\/schema.org","@graph":[{"@type":"WebPage","@id":"https:\/\/www.masomartis.it\/de\/leisten-auch-sie-ihren-beitrag-zum-umweltschutz\/","url":"https:\/\/www.masomartis.it\/de\/leisten-auch-sie-ihren-beitrag-zum-umweltschutz\/","name":"Leisten auch Sie Ihren Beitrag zum Umweltschutz! - Maso Martis","isPartOf":{"@id":"https:\/\/www.masomartis.it\/#website"},"primaryImageOfPage":{"@id":"https:\/\/www.masomartis.it\/de\/leisten-auch-sie-ihren-beitrag-zum-umweltschutz\/#primaryimage"},"image":{"@id":"https:\/\/www.masomartis.it\/de\/leisten-auch-sie-ihren-beitrag-zum-umweltschutz\/#primaryimage"},"thumbnailUrl":"https:\/\/www.masomartis.it\/wp-content\/uploads\/2021\/10\/recycling-header-1.jpg","datePublished":"2022-09-12T15:52:58+00:00","breadcrumb":{"@id":"https:\/\/www.masomartis.it\/de\/leisten-auch-sie-ihren-beitrag-zum-umweltschutz\/#breadcrumb"},"inLanguage":"de","potentialAction":[{"@type":"ReadAction","target":["https:\/\/www.masomartis.it\/de\/leisten-auch-sie-ihren-beitrag-zum-umweltschutz\/"]}]},{"@type":"ImageObject","inLanguage":"de","@id":"https:\/\/www.masomartis.it\/de\/leisten-auch-sie-ihren-beitrag-zum-umweltschutz\/#primaryimage","url":"https:\/\/www.masomartis.it\/wp-content\/uploads\/2021\/10\/recycling-header-1.jpg","contentUrl":"https:\/\/www.masomartis.it\/wp-content\/uploads\/2021\/10\/recycling-header-1.jpg","width":2400,"height":1600},{"@type":"BreadcrumbList","@id":"https:\/\/www.masomartis.it\/de\/leisten-auch-sie-ihren-beitrag-zum-umweltschutz\/#breadcrumb","itemListElement":[{"@type":"ListItem","position":1,"name":"Home","item":"https:\/\/www.masomartis.it\/de\/"},{"@type":"ListItem","position":2,"name":"Leisten auch Sie Ihren Beitrag zum Umweltschutz!"}]},{"@type":"WebSite","@id":"https:\/\/www.masomartis.it\/#website","url":"https:\/\/www.masomartis.it\/","name":"Maso Martis","description":"Effervescenza delle Dolomiti","potentialAction":[{"@type":"SearchAction","target":{"@type":"EntryPoint","urlTemplate":"https:\/\/www.masomartis.it\/?s={search_term_string}"},"query-input":{"@type":"PropertyValueSpecification","valueRequired":true,"valueName":"search_term_string"}}],"inLanguage":"de"}]}},"meta_box":{"team_title":"","team_picture":false,"video_title":"","video_content":"","video_picture":false,"brochure_title":"","brochure_description":"","brochure_cover":false,"brochure_pdf":[],"prizes":[],"teamitems":[],"pressitems":[],"galleria":[],"shortcode_form":"","link_title":"","link_url":"","simplegrids":[],"visits":[],"visits_food":[],"additional_info":"","slider_slogan":"","slider_subtitle":"","slideshow":[],"intro_title":"","intro_subtitle":"","intro_content":"","intro_picture":false,"philosophy_title":"","philosophy_content":"","philosophy_picture":false,"wines_title":"","wines_subtitle":"","wines":[],"events_title":"","events_subtitle":"","blog_title":"","blog_subtitle":"","main_news":""},"_links":{"self":[{"href":"https:\/\/www.masomartis.it\/de\/wp-json\/wp\/v2\/pages\/5370","targetHints":{"allow":["GET"]}}],"collection":[{"href":"https:\/\/www.masomartis.it\/de\/wp-json\/wp\/v2\/pages"}],"about":[{"href":"https:\/\/www.masomartis.it\/de\/wp-json\/wp\/v2\/types\/page"}],"author":[{"embeddable":true,"href":"https:\/\/www.masomartis.it\/de\/wp-json\/wp\/v2\/users\/3"}],"replies":[{"embeddable":true,"href":"https:\/\/www.masomartis.it\/de\/wp-json\/wp\/v2\/comments?post=5370"}],"version-history":[{"count":1,"href":"https:\/\/www.masomartis.it\/de\/wp-json\/wp\/v2\/pages\/5370\/revisions"}],"predecessor-version":[{"id":5371,"href":"https:\/\/www.masomartis.it\/de\/wp-json\/wp\/v2\/pages\/5370\/revisions\/5371"}],"wp:featuredmedia":[{"embeddable":true,"href":"https:\/\/www.masomartis.it\/de\/wp-json\/wp\/v2\/media\/5372"}],"wp:attachment":[{"href":"https:\/\/www.masomartis.it\/de\/wp-json\/wp\/v2\/media?parent=5370"}],"curies":[{"name":"wp","href":"https:\/\/api.w.org\/{rel}","templated":true}]}}