{"id":5391,"date":"2022-09-12T18:17:49","date_gmt":"2022-09-12T16:17:49","guid":{"rendered":"https:\/\/www.masomartis.it\/?page_id=5391"},"modified":"2023-01-23T18:21:43","modified_gmt":"2023-01-23T17:21:43","slug":"kommen-sie-uns-besuchen","status":"publish","type":"page","link":"https:\/\/www.masomartis.it\/de\/kommen-sie-uns-besuchen\/","title":{"rendered":"Kommen Sie uns besuchen"},"content":{"rendered":"<h2 class=\"p1\"><span class=\"s1\">W\u00e4hlen Sie Ihre Weinprobe aus und buchen Sie Ihre Kellerei-Besichtigung!\u00a0<\/span><\/h2>\n<p class=\"p1\"><span class=\"s1\">Die maximale Teilnehmerzahl an den Besichtigungen betr\u00e4gt <b>25 Personen<\/b>.\u00a0<\/span><\/p>\n<p class=\"p1\"><em><span class=\"s1\">Wir weisen darauf hin, dass aus organisatorischen Gr\u00fcnden nur Buchungen ber\u00fccksichtigt werden, die sp\u00e4testens <strong>48 Stunden<\/strong> vor der Besichtigung erfolgen.\u00a0<\/span><\/em><\/p>\n<p>[caldera_form id=&#8220;CF63cebbc5a068b&#8220;]<\/p>\n","protected":false},"excerpt":{"rendered":"<p>W\u00e4hlen Sie Ihre Weinprobe aus und buchen Sie Ihre Kellerei-Besichtigung!\u00a0 Die maximale Teilnehmerzahl an den Besichtigungen betr\u00e4gt 25 Personen.\u00a0 Wir weisen darauf hin, dass aus organisatorischen Gr\u00fcnden nur Buchungen ber\u00fccksichtigt werden, die sp\u00e4testens 48 Stunden vor der Besichtigung erfolgen.\u00a0 [caldera_form id=&#8220;CF63cebbc5a068b&#8220;]<\/p>\n","protected":false},"author":3,"featured_media":5314,"parent":0,"menu_order":0,"comment_status":"closed","ping_status":"closed","template":"","meta":{"footnotes":""},"class_list":["post-5391","page","type-page","status-publish","has-post-thumbnail","hentry"],"yoast_head":"<!-- This site is optimized with the Yoast SEO plugin v27.2 - https:\/\/yoast.com\/product\/yoast-seo-wordpress\/ -->\n<title>Kommen Sie uns besuchen - Maso Martis<\/title>\n<meta name=\"robots\" content=\"index, follow, max-snippet:-1, max-image-preview:large, max-video-preview:-1\" \/>\n<link rel=\"canonical\" href=\"https:\/\/www.masomartis.it\/de\/kommen-sie-uns-besuchen\/\" \/>\n<meta property=\"og:locale\" content=\"de_DE\" \/>\n<meta property=\"og:type\" content=\"article\" \/>\n<meta property=\"og:title\" content=\"Kommen Sie uns besuchen - Maso Martis\" \/>\n<meta property=\"og:description\" content=\"W\u00e4hlen Sie Ihre Weinprobe aus und buchen Sie Ihre Kellerei-Besichtigung!\u00a0 Die maximale Teilnehmerzahl an den Besichtigungen betr\u00e4gt 25 Personen.\u00a0 Wir weisen darauf hin, dass aus organisatorischen Gr\u00fcnden nur Buchungen ber\u00fccksichtigt werden, die sp\u00e4testens 48 Stunden vor der Besichtigung erfolgen.\u00a0 [caldera_form id=&#8220;CF63cebbc5a068b&#8220;]\" \/>\n<meta property=\"og:url\" content=\"https:\/\/www.masomartis.it\/de\/kommen-sie-uns-besuchen\/\" \/>\n<meta property=\"og:site_name\" content=\"Maso Martis\" \/>\n<meta property=\"article:modified_time\" content=\"2023-01-23T17:21:43+00:00\" \/>\n<meta property=\"og:image\" content=\"https:\/\/www.masomartis.it\/wp-content\/uploads\/2018\/07\/SAVORELLI-2-scaled.jpg\" \/>\n\t<meta property=\"og:image:width\" content=\"2560\" \/>\n\t<meta property=\"og:image:height\" content=\"1704\" \/>\n\t<meta property=\"og:image:type\" content=\"image\/jpeg\" \/>\n<meta name=\"twitter:card\" content=\"summary_large_image\" \/>\n<meta name=\"twitter:label1\" content=\"Gesch\u00e4tzte Lesezeit\" \/>\n\t<meta name=\"twitter:data1\" content=\"1\u00a0Minute\" \/>\n<script type=\"application\/ld+json\" class=\"yoast-schema-graph\">{\"@context\":\"https:\/\/schema.org\",\"@graph\":[{\"@type\":\"WebPage\",\"@id\":\"https:\/\/www.masomartis.it\/de\/kommen-sie-uns-besuchen\/\",\"url\":\"https:\/\/www.masomartis.it\/de\/kommen-sie-uns-besuchen\/\",\"name\":\"Kommen Sie uns besuchen - Maso Martis\",\"isPartOf\":{\"@id\":\"https:\/\/www.masomartis.it\/#website\"},\"primaryImageOfPage\":{\"@id\":\"https:\/\/www.masomartis.it\/de\/kommen-sie-uns-besuchen\/#primaryimage\"},\"image\":{\"@id\":\"https:\/\/www.masomartis.it\/de\/kommen-sie-uns-besuchen\/#primaryimage\"},\"thumbnailUrl\":\"https:\/\/www.masomartis.it\/wp-content\/uploads\/2018\/07\/SAVORELLI-2-scaled.jpg\",\"datePublished\":\"2022-09-12T16:17:49+00:00\",\"dateModified\":\"2023-01-23T17:21:43+00:00\",\"breadcrumb\":{\"@id\":\"https:\/\/www.masomartis.it\/de\/kommen-sie-uns-besuchen\/#breadcrumb\"},\"inLanguage\":\"de\",\"potentialAction\":[{\"@type\":\"ReadAction\",\"target\":[\"https:\/\/www.masomartis.it\/de\/kommen-sie-uns-besuchen\/\"]}]},{\"@type\":\"ImageObject\",\"inLanguage\":\"de\",\"@id\":\"https:\/\/www.masomartis.it\/de\/kommen-sie-uns-besuchen\/#primaryimage\",\"url\":\"https:\/\/www.masomartis.it\/wp-content\/uploads\/2018\/07\/SAVORELLI-2-scaled.jpg\",\"contentUrl\":\"https:\/\/www.masomartis.it\/wp-content\/uploads\/2018\/07\/SAVORELLI-2-scaled.jpg\",\"width\":2560,\"height\":1704},{\"@type\":\"BreadcrumbList\",\"@id\":\"https:\/\/www.masomartis.it\/de\/kommen-sie-uns-besuchen\/#breadcrumb\",\"itemListElement\":[{\"@type\":\"ListItem\",\"position\":1,\"name\":\"Home\",\"item\":\"https:\/\/www.masomartis.it\/de\/\"},{\"@type\":\"ListItem\",\"position\":2,\"name\":\"Kommen Sie uns besuchen\"}]},{\"@type\":\"WebSite\",\"@id\":\"https:\/\/www.masomartis.it\/#website\",\"url\":\"https:\/\/www.masomartis.it\/\",\"name\":\"Maso Martis\",\"description\":\"Effervescenza delle Dolomiti\",\"potentialAction\":[{\"@type\":\"SearchAction\",\"target\":{\"@type\":\"EntryPoint\",\"urlTemplate\":\"https:\/\/www.masomartis.it\/?s={search_term_string}\"},\"query-input\":{\"@type\":\"PropertyValueSpecification\",\"valueRequired\":true,\"valueName\":\"search_term_string\"}}],\"inLanguage\":\"de\"}]}<\/script>\n<!-- \/ Yoast SEO plugin. -->","yoast_head_json":{"title":"Kommen Sie uns besuchen - Maso Martis","robots":{"index":"index","follow":"follow","max-snippet":"max-snippet:-1","max-image-preview":"max-image-preview:large","max-video-preview":"max-video-preview:-1"},"canonical":"https:\/\/www.masomartis.it\/de\/kommen-sie-uns-besuchen\/","og_locale":"de_DE","og_type":"article","og_title":"Kommen Sie uns besuchen - Maso Martis","og_description":"W\u00e4hlen Sie Ihre Weinprobe aus und buchen Sie Ihre Kellerei-Besichtigung!\u00a0 Die maximale Teilnehmerzahl an den Besichtigungen betr\u00e4gt 25 Personen.\u00a0 Wir weisen darauf hin, dass aus organisatorischen Gr\u00fcnden nur Buchungen ber\u00fccksichtigt werden, die sp\u00e4testens 48 Stunden vor der Besichtigung erfolgen.\u00a0 [caldera_form id=&#8220;CF63cebbc5a068b&#8220;]","og_url":"https:\/\/www.masomartis.it\/de\/kommen-sie-uns-besuchen\/","og_site_name":"Maso Martis","article_modified_time":"2023-01-23T17:21:43+00:00","og_image":[{"width":2560,"height":1704,"url":"https:\/\/www.masomartis.it\/wp-content\/uploads\/2018\/07\/SAVORELLI-2-scaled.jpg","type":"image\/jpeg"}],"twitter_card":"summary_large_image","twitter_misc":{"Gesch\u00e4tzte Lesezeit":"1\u00a0Minute"},"schema":{"@context":"https:\/\/schema.org","@graph":[{"@type":"WebPage","@id":"https:\/\/www.masomartis.it\/de\/kommen-sie-uns-besuchen\/","url":"https:\/\/www.masomartis.it\/de\/kommen-sie-uns-besuchen\/","name":"Kommen Sie uns besuchen - Maso Martis","isPartOf":{"@id":"https:\/\/www.masomartis.it\/#website"},"primaryImageOfPage":{"@id":"https:\/\/www.masomartis.it\/de\/kommen-sie-uns-besuchen\/#primaryimage"},"image":{"@id":"https:\/\/www.masomartis.it\/de\/kommen-sie-uns-besuchen\/#primaryimage"},"thumbnailUrl":"https:\/\/www.masomartis.it\/wp-content\/uploads\/2018\/07\/SAVORELLI-2-scaled.jpg","datePublished":"2022-09-12T16:17:49+00:00","dateModified":"2023-01-23T17:21:43+00:00","breadcrumb":{"@id":"https:\/\/www.masomartis.it\/de\/kommen-sie-uns-besuchen\/#breadcrumb"},"inLanguage":"de","potentialAction":[{"@type":"ReadAction","target":["https:\/\/www.masomartis.it\/de\/kommen-sie-uns-besuchen\/"]}]},{"@type":"ImageObject","inLanguage":"de","@id":"https:\/\/www.masomartis.it\/de\/kommen-sie-uns-besuchen\/#primaryimage","url":"https:\/\/www.masomartis.it\/wp-content\/uploads\/2018\/07\/SAVORELLI-2-scaled.jpg","contentUrl":"https:\/\/www.masomartis.it\/wp-content\/uploads\/2018\/07\/SAVORELLI-2-scaled.jpg","width":2560,"height":1704},{"@type":"BreadcrumbList","@id":"https:\/\/www.masomartis.it\/de\/kommen-sie-uns-besuchen\/#breadcrumb","itemListElement":[{"@type":"ListItem","position":1,"name":"Home","item":"https:\/\/www.masomartis.it\/de\/"},{"@type":"ListItem","position":2,"name":"Kommen Sie uns besuchen"}]},{"@type":"WebSite","@id":"https:\/\/www.masomartis.it\/#website","url":"https:\/\/www.masomartis.it\/","name":"Maso Martis","description":"Effervescenza delle Dolomiti","potentialAction":[{"@type":"SearchAction","target":{"@type":"EntryPoint","urlTemplate":"https:\/\/www.masomartis.it\/?s={search_term_string}"},"query-input":{"@type":"PropertyValueSpecification","valueRequired":true,"valueName":"search_term_string"}}],"inLanguage":"de"}]}},"meta_box":{"team_title":"","team_picture":false,"video_title":"","video_content":"","video_picture":false,"brochure_title":"","brochure_description":"","brochure_cover":false,"brochure_pdf":[],"prizes":[],"teamitems":[],"pressitems":[],"galleria":[],"shortcode_form":"","link_title":"","link_url":"","simplegrids":[],"visits":[],"visits_food":[],"additional_info":"","slider_slogan":"","slider_subtitle":"","slideshow":[],"intro_title":"","intro_subtitle":"","intro_content":"","intro_picture":false,"philosophy_title":"","philosophy_content":"","philosophy_picture":false,"wines_title":"","wines_subtitle":"","wines":[],"events_title":"","events_subtitle":"","blog_title":"","blog_subtitle":"","main_news":""},"_links":{"self":[{"href":"https:\/\/www.masomartis.it\/de\/wp-json\/wp\/v2\/pages\/5391","targetHints":{"allow":["GET"]}}],"collection":[{"href":"https:\/\/www.masomartis.it\/de\/wp-json\/wp\/v2\/pages"}],"about":[{"href":"https:\/\/www.masomartis.it\/de\/wp-json\/wp\/v2\/types\/page"}],"author":[{"embeddable":true,"href":"https:\/\/www.masomartis.it\/de\/wp-json\/wp\/v2\/users\/3"}],"replies":[{"embeddable":true,"href":"https:\/\/www.masomartis.it\/de\/wp-json\/wp\/v2\/comments?post=5391"}],"version-history":[{"count":3,"href":"https:\/\/www.masomartis.it\/de\/wp-json\/wp\/v2\/pages\/5391\/revisions"}],"predecessor-version":[{"id":5994,"href":"https:\/\/www.masomartis.it\/de\/wp-json\/wp\/v2\/pages\/5391\/revisions\/5994"}],"wp:featuredmedia":[{"embeddable":true,"href":"https:\/\/www.masomartis.it\/de\/wp-json\/wp\/v2\/media\/5314"}],"wp:attachment":[{"href":"https:\/\/www.masomartis.it\/de\/wp-json\/wp\/v2\/media?parent=5391"}],"curies":[{"name":"wp","href":"https:\/\/api.w.org\/{rel}","templated":true}]}}