{"id":5396,"date":"2022-09-12T18:28:06","date_gmt":"2022-09-12T16:28:06","guid":{"rendered":"https:\/\/www.masomartis.it\/?page_id=5396"},"modified":"2024-12-09T23:13:11","modified_gmt":"2024-12-09T22:13:11","slug":"download","status":"publish","type":"page","link":"https:\/\/www.masomartis.it\/de\/download\/","title":{"rendered":"Download"},"content":{"rendered":"","protected":false},"excerpt":{"rendered":"","protected":false},"author":3,"featured_media":5435,"parent":0,"menu_order":0,"comment_status":"closed","ping_status":"closed","template":"page-templates\/download.php","meta":{"footnotes":""},"class_list":["post-5396","page","type-page","status-publish","has-post-thumbnail","hentry"],"yoast_head":"<!-- This site is optimized with the Yoast SEO plugin v27.2 - https:\/\/yoast.com\/product\/yoast-seo-wordpress\/ -->\n<title>Download - Maso Martis<\/title>\n<meta name=\"robots\" content=\"index, follow, max-snippet:-1, max-image-preview:large, max-video-preview:-1\" \/>\n<link rel=\"canonical\" href=\"https:\/\/www.masomartis.it\/de\/download\/\" \/>\n<meta property=\"og:locale\" content=\"de_DE\" \/>\n<meta property=\"og:type\" content=\"article\" \/>\n<meta property=\"og:title\" content=\"Download - Maso Martis\" \/>\n<meta property=\"og:url\" content=\"https:\/\/www.masomartis.it\/de\/download\/\" \/>\n<meta property=\"og:site_name\" content=\"Maso Martis\" \/>\n<meta property=\"article:modified_time\" content=\"2024-12-09T22:13:11+00:00\" \/>\n<meta property=\"og:image\" content=\"https:\/\/www.masomartis.it\/wp-content\/uploads\/2018\/07\/H4A5315-FERMARIELLO.jpg\" \/>\n\t<meta property=\"og:image:width\" content=\"1000\" \/>\n\t<meta property=\"og:image:height\" content=\"667\" \/>\n\t<meta property=\"og:image:type\" content=\"image\/jpeg\" \/>\n<meta name=\"twitter:card\" content=\"summary_large_image\" \/>\n<meta name=\"twitter:label1\" content=\"Gesch\u00e4tzte Lesezeit\" \/>\n\t<meta name=\"twitter:data1\" content=\"1\u00a0Minute\" \/>\n<script type=\"application\/ld+json\" class=\"yoast-schema-graph\">{\"@context\":\"https:\/\/schema.org\",\"@graph\":[{\"@type\":\"WebPage\",\"@id\":\"https:\/\/www.masomartis.it\/de\/download\/\",\"url\":\"https:\/\/www.masomartis.it\/de\/download\/\",\"name\":\"Download - Maso Martis\",\"isPartOf\":{\"@id\":\"https:\/\/www.masomartis.it\/#website\"},\"primaryImageOfPage\":{\"@id\":\"https:\/\/www.masomartis.it\/de\/download\/#primaryimage\"},\"image\":{\"@id\":\"https:\/\/www.masomartis.it\/de\/download\/#primaryimage\"},\"thumbnailUrl\":\"https:\/\/www.masomartis.it\/wp-content\/uploads\/2018\/07\/H4A5315-FERMARIELLO.jpg\",\"datePublished\":\"2022-09-12T16:28:06+00:00\",\"dateModified\":\"2024-12-09T22:13:11+00:00\",\"breadcrumb\":{\"@id\":\"https:\/\/www.masomartis.it\/de\/download\/#breadcrumb\"},\"inLanguage\":\"de\",\"potentialAction\":[{\"@type\":\"ReadAction\",\"target\":[\"https:\/\/www.masomartis.it\/de\/download\/\"]}]},{\"@type\":\"ImageObject\",\"inLanguage\":\"de\",\"@id\":\"https:\/\/www.masomartis.it\/de\/download\/#primaryimage\",\"url\":\"https:\/\/www.masomartis.it\/wp-content\/uploads\/2018\/07\/H4A5315-FERMARIELLO.jpg\",\"contentUrl\":\"https:\/\/www.masomartis.it\/wp-content\/uploads\/2018\/07\/H4A5315-FERMARIELLO.jpg\",\"width\":1000,\"height\":667},{\"@type\":\"BreadcrumbList\",\"@id\":\"https:\/\/www.masomartis.it\/de\/download\/#breadcrumb\",\"itemListElement\":[{\"@type\":\"ListItem\",\"position\":1,\"name\":\"Home\",\"item\":\"https:\/\/www.masomartis.it\/de\/\"},{\"@type\":\"ListItem\",\"position\":2,\"name\":\"Download\"}]},{\"@type\":\"WebSite\",\"@id\":\"https:\/\/www.masomartis.it\/#website\",\"url\":\"https:\/\/www.masomartis.it\/\",\"name\":\"Maso Martis\",\"description\":\"Effervescenza delle Dolomiti\",\"potentialAction\":[{\"@type\":\"SearchAction\",\"target\":{\"@type\":\"EntryPoint\",\"urlTemplate\":\"https:\/\/www.masomartis.it\/?s={search_term_string}\"},\"query-input\":{\"@type\":\"PropertyValueSpecification\",\"valueRequired\":true,\"valueName\":\"search_term_string\"}}],\"inLanguage\":\"de\"}]}<\/script>\n<!-- \/ Yoast SEO plugin. -->","yoast_head_json":{"title":"Download - Maso Martis","robots":{"index":"index","follow":"follow","max-snippet":"max-snippet:-1","max-image-preview":"max-image-preview:large","max-video-preview":"max-video-preview:-1"},"canonical":"https:\/\/www.masomartis.it\/de\/download\/","og_locale":"de_DE","og_type":"article","og_title":"Download - Maso Martis","og_url":"https:\/\/www.masomartis.it\/de\/download\/","og_site_name":"Maso Martis","article_modified_time":"2024-12-09T22:13:11+00:00","og_image":[{"width":1000,"height":667,"url":"https:\/\/www.masomartis.it\/wp-content\/uploads\/2018\/07\/H4A5315-FERMARIELLO.jpg","type":"image\/jpeg"}],"twitter_card":"summary_large_image","twitter_misc":{"Gesch\u00e4tzte Lesezeit":"1\u00a0Minute"},"schema":{"@context":"https:\/\/schema.org","@graph":[{"@type":"WebPage","@id":"https:\/\/www.masomartis.it\/de\/download\/","url":"https:\/\/www.masomartis.it\/de\/download\/","name":"Download - Maso Martis","isPartOf":{"@id":"https:\/\/www.masomartis.it\/#website"},"primaryImageOfPage":{"@id":"https:\/\/www.masomartis.it\/de\/download\/#primaryimage"},"image":{"@id":"https:\/\/www.masomartis.it\/de\/download\/#primaryimage"},"thumbnailUrl":"https:\/\/www.masomartis.it\/wp-content\/uploads\/2018\/07\/H4A5315-FERMARIELLO.jpg","datePublished":"2022-09-12T16:28:06+00:00","dateModified":"2024-12-09T22:13:11+00:00","breadcrumb":{"@id":"https:\/\/www.masomartis.it\/de\/download\/#breadcrumb"},"inLanguage":"de","potentialAction":[{"@type":"ReadAction","target":["https:\/\/www.masomartis.it\/de\/download\/"]}]},{"@type":"ImageObject","inLanguage":"de","@id":"https:\/\/www.masomartis.it\/de\/download\/#primaryimage","url":"https:\/\/www.masomartis.it\/wp-content\/uploads\/2018\/07\/H4A5315-FERMARIELLO.jpg","contentUrl":"https:\/\/www.masomartis.it\/wp-content\/uploads\/2018\/07\/H4A5315-FERMARIELLO.jpg","width":1000,"height":667},{"@type":"BreadcrumbList","@id":"https:\/\/www.masomartis.it\/de\/download\/#breadcrumb","itemListElement":[{"@type":"ListItem","position":1,"name":"Home","item":"https:\/\/www.masomartis.it\/de\/"},{"@type":"ListItem","position":2,"name":"Download"}]},{"@type":"WebSite","@id":"https:\/\/www.masomartis.it\/#website","url":"https:\/\/www.masomartis.it\/","name":"Maso Martis","description":"Effervescenza delle Dolomiti","potentialAction":[{"@type":"SearchAction","target":{"@type":"EntryPoint","urlTemplate":"https:\/\/www.masomartis.it\/?s={search_term_string}"},"query-input":{"@type":"PropertyValueSpecification","valueRequired":true,"valueName":"search_term_string"}}],"inLanguage":"de"}]}},"meta_box":{"team_title":"","team_picture":false,"video_title":"","video_content":"","video_picture":false,"brochure_title":"Brosch\u00fcre 2024","brochure_description":"TRENTODOC steht f\u00fcr Metodo Classico:\r\ndas ideale Terroir, die hohe Qualit\u00e4t der Trauben, die sorgf\u00e4ltige Verarbeitung und die ausschlie\u00dfliche Herkunft aus dem Trentino.","brochure_cover":{"width":150,"height":150,"file":"2020\/09\/COPERTINA-BROCHURE-2020.png","sizes":{"medium":{"file":"COPERTINA-BROCHURE-2020-300x300.png","width":300,"height":300,"mime-type":"image\/png","url":"https:\/\/www.masomartis.it\/wp-content\/uploads\/2020\/09\/COPERTINA-BROCHURE-2020-300x300.png"},"thumbnail":{"file":"COPERTINA-BROCHURE-2020-150x150.png","width":150,"height":150,"mime-type":"image\/png","url":"https:\/\/www.masomartis.it\/wp-content\/uploads\/2020\/09\/COPERTINA-BROCHURE-2020-150x150.png"},"slideshow":{"file":"COPERTINA-BROCHURE-2020-1600x1100.png","width":1600,"height":1100,"mime-type":"image\/png","url":"https:\/\/www.masomartis.it\/wp-content\/uploads\/2020\/09\/COPERTINA-BROCHURE-2020-1600x1100.png"},"evidenza":{"file":"COPERTINA-BROCHURE-2020-700x950.png","width":700,"height":950,"mime-type":"image\/png","url":"https:\/\/www.masomartis.it\/wp-content\/uploads\/2020\/09\/COPERTINA-BROCHURE-2020-700x950.png"},"foto_pagina":{"file":"COPERTINA-BROCHURE-2020-1600x620.png","width":1600,"height":620,"mime-type":"image\/png","url":"https:\/\/www.masomartis.it\/wp-content\/uploads\/2020\/09\/COPERTINA-BROCHURE-2020-1600x620.png"},"mini_bottiglia":{"file":"COPERTINA-BROCHURE-2020-130x380.png","width":130,"height":380,"mime-type":"image\/png","url":"https:\/\/www.masomartis.it\/wp-content\/uploads\/2020\/09\/COPERTINA-BROCHURE-2020-130x380.png"},"quadrato":{"file":"COPERTINA-BROCHURE-2020-640x640.png","width":640,"height":640,"mime-type":"image\/png","url":"https:\/\/www.masomartis.it\/wp-content\/uploads\/2020\/09\/COPERTINA-BROCHURE-2020-640x640.png"},"small_pano":{"file":"COPERTINA-BROCHURE-2020-700x400.png","width":700,"height":400,"mime-type":"image\/png","url":"https:\/\/www.masomartis.it\/wp-content\/uploads\/2020\/09\/COPERTINA-BROCHURE-2020-700x400.png"},"woocommerce_thumbnail":{"file":"COPERTINA-BROCHURE-2020-300x300.png","width":300,"height":300,"mime-type":"image\/png","uncropped":false,"url":"https:\/\/www.masomartis.it\/wp-content\/uploads\/2020\/09\/COPERTINA-BROCHURE-2020-300x300.png"},"woocommerce_single":{"file":"COPERTINA-BROCHURE-2020-600x600.png","width":600,"height":600,"mime-type":"image\/png","url":"https:\/\/www.masomartis.it\/wp-content\/uploads\/2020\/09\/COPERTINA-BROCHURE-2020-600x600.png"},"woocommerce_gallery_thumbnail":{"file":"COPERTINA-BROCHURE-2020-100x100.png","width":100,"height":100,"mime-type":"image\/png","url":"https:\/\/www.masomartis.it\/wp-content\/uploads\/2020\/09\/COPERTINA-BROCHURE-2020-100x100.png"},"shop_catalog":{"file":"COPERTINA-BROCHURE-2020-300x300.png","width":300,"height":300,"mime-type":"image\/png","url":"https:\/\/www.masomartis.it\/wp-content\/uploads\/2020\/09\/COPERTINA-BROCHURE-2020-300x300.png"},"shop_single":{"file":"COPERTINA-BROCHURE-2020-600x600.png","width":600,"height":600,"mime-type":"image\/png","url":"https:\/\/www.masomartis.it\/wp-content\/uploads\/2020\/09\/COPERTINA-BROCHURE-2020-600x600.png"},"shop_thumbnail":{"file":"COPERTINA-BROCHURE-2020-100x100.png","width":100,"height":100,"mime-type":"image\/png","url":"https:\/\/www.masomartis.it\/wp-content\/uploads\/2020\/09\/COPERTINA-BROCHURE-2020-100x100.png"},"piklist_file_preview":{"file":"COPERTINA-BROCHURE-2020-96x96.png","width":96,"height":96,"mime-type":"image\/png","url":"https:\/\/www.masomartis.it\/wp-content\/uploads\/2020\/09\/COPERTINA-BROCHURE-2020-96x96.png"}},"image_meta":{"aperture":"0","credit":"","camera":"","caption":"","created_timestamp":"0","copyright":"","focal_length":"0","iso":"0","shutter_speed":"0","title":"","orientation":"0","keywords":[]},"ID":"5428","name":"COPERTINA-BROCHURE-2020.png","path":"\/home\/u555980540\/domains\/masomartis.it\/public_html\/wp-content\/uploads\/2020\/09\/COPERTINA-BROCHURE-2020.png","url":"https:\/\/www.masomartis.it\/wp-content\/uploads\/2020\/09\/COPERTINA-BROCHURE-2020-150x150.png","full_url":"https:\/\/www.masomartis.it\/wp-content\/uploads\/2020\/09\/COPERTINA-BROCHURE-2020.png","title":"COPERTINA-BROCHURE-2020","caption":"","description":"","alt":"","srcset":"https:\/\/www.masomartis.it\/wp-content\/uploads\/2020\/09\/COPERTINA-BROCHURE-2020-150x150.png 150w, https:\/\/www.masomartis.it\/wp-content\/uploads\/2020\/09\/COPERTINA-BROCHURE-2020-300x300.png 300w, https:\/\/www.masomartis.it\/wp-content\/uploads\/2020\/09\/COPERTINA-BROCHURE-2020.png 640w, https:\/\/www.masomartis.it\/wp-content\/uploads\/2020\/09\/COPERTINA-BROCHURE-2020-600x600.png 600w, https:\/\/www.masomartis.it\/wp-content\/uploads\/2020\/09\/COPERTINA-BROCHURE-2020-100x100.png 100w, https:\/\/www.masomartis.it\/wp-content\/uploads\/2020\/09\/COPERTINA-BROCHURE-2020-96x96.png 96w"},"brochure_pdf":[{"sizes":{"full":{"file":"Maso-Martis_BROCHURE_12-2024-EN-pdf.jpg","width":1461,"height":1950,"mime-type":"image\/jpeg","filesize":520270},"medium":{"file":"Maso-Martis_BROCHURE_12-2024-EN-pdf-225x300.jpg","width":225,"height":300,"mime-type":"image\/jpeg","filesize":20275},"large":{"file":"Maso-Martis_BROCHURE_12-2024-EN-pdf-767x1024.jpg","width":767,"height":1024,"mime-type":"image\/jpeg","filesize":169777},"thumbnail":{"file":"Maso-Martis_BROCHURE_12-2024-EN-pdf-112x150.jpg","width":112,"height":150,"mime-type":"image\/jpeg","filesize":5416}},"filesize":3311195,"ID":"11897","name":"Maso-Martis_BROCHURE_12-2024-EN.pdf","path":"\/home\/u555980540\/domains\/masomartis.it\/public_html\/wp-content\/uploads\/2024\/12\/Maso-Martis_BROCHURE_12-2024-EN.pdf","url":"https:\/\/www.masomartis.it\/wp-content\/uploads\/2024\/12\/Maso-Martis_BROCHURE_12-2024-EN.pdf","title":"Maso-Martis_BROCHURE_12-2024-EN"}],"prizes":[{"prize_class":"standard","prize_title":"2021","prize_cover":"5423","prize_pdf":["5433"]},{"prize_class":"standard","prize_title":"2020","prize_cover":"5423","prize_pdf":["5424"]},{"prize_class":"standard","prize_title":"2019","prize_cover":"5423","prize_pdf":["5413"]},{"prize_class":"standard","prize_title":"2018","prize_cover":"5404","prize_pdf":["5405"]},{"prize_class":"standard","prize_title":"2017","prize_cover":"5423","prize_pdf":["5402"]},{"prize_class":"standard","prize_title":"2016","prize_cover":"5423","prize_pdf":["5401"]},{"prize_class":"historical","prize_title":"Archiv","prize_cover":"5423","prize_pdf":["5421"]}],"teamitems":[],"pressitems":[],"galleria":[],"shortcode_form":"","link_title":"","link_url":"","simplegrids":[],"visits":[],"visits_food":[],"additional_info":"","slider_slogan":"","slider_subtitle":"","slideshow":[],"intro_title":"","intro_subtitle":"","intro_content":"","intro_picture":false,"philosophy_title":"","philosophy_content":"","philosophy_picture":false,"wines_title":"","wines_subtitle":"","wines":[],"events_title":"","events_subtitle":"","blog_title":"","blog_subtitle":"","main_news":""},"_links":{"self":[{"href":"https:\/\/www.masomartis.it\/de\/wp-json\/wp\/v2\/pages\/5396","targetHints":{"allow":["GET"]}}],"collection":[{"href":"https:\/\/www.masomartis.it\/de\/wp-json\/wp\/v2\/pages"}],"about":[{"href":"https:\/\/www.masomartis.it\/de\/wp-json\/wp\/v2\/types\/page"}],"author":[{"embeddable":true,"href":"https:\/\/www.masomartis.it\/de\/wp-json\/wp\/v2\/users\/3"}],"replies":[{"embeddable":true,"href":"https:\/\/www.masomartis.it\/de\/wp-json\/wp\/v2\/comments?post=5396"}],"version-history":[{"count":3,"href":"https:\/\/www.masomartis.it\/de\/wp-json\/wp\/v2\/pages\/5396\/revisions"}],"predecessor-version":[{"id":5440,"href":"https:\/\/www.masomartis.it\/de\/wp-json\/wp\/v2\/pages\/5396\/revisions\/5440"}],"wp:featuredmedia":[{"embeddable":true,"href":"https:\/\/www.masomartis.it\/de\/wp-json\/wp\/v2\/media\/5435"}],"wp:attachment":[{"href":"https:\/\/www.masomartis.it\/de\/wp-json\/wp\/v2\/media?parent=5396"}],"curies":[{"name":"wp","href":"https:\/\/api.w.org\/{rel}","templated":true}]}}