{"id":5455,"date":"2022-09-12T18:50:01","date_gmt":"2022-09-12T16:50:01","guid":{"rendered":"https:\/\/www.masomartis.it\/?page_id=5455"},"modified":"2022-09-12T18:50:01","modified_gmt":"2022-09-12T16:50:01","slug":"entdecken-sie-die-app-trentodoc","status":"publish","type":"page","link":"https:\/\/www.masomartis.it\/de\/entdecken-sie-die-app-trentodoc\/","title":{"rendered":"Entdecken Sie die APP TRENTODOC"},"content":{"rendered":"<p class=\"p1\"><span class=\"s1\">55 Spumante-Hersteller, 175 Etiketten, Informationen rund um die Trentodoc-Schaumweine zum Genie\u00dfen zuhause oder im Restaurant, allein oder mit Freunden.<span class=\"Apple-converted-space\">\u00a0 \u00a0<\/span><\/span><\/p>\n<p class=\"p1\"><span class=\"s1\">Die App Trentodoc, die f\u00fcr Weinliebhaber und Reisende entwickelt wurde, f\u00fchrt Sie auf eine Entdeckungstour in die Welt des Metodo Classico Trentino und der Spumante-Hersteller und gibt Tipps f\u00fcr Kellerei-Besichtigungen, Etiketten, die Region und kulinarische, landschaftliche und kulturelle Highlights. Die mobile App erm\u00f6glicht es, immer auf dem neuesten Stand zu Veranstaltungen und Weinproben zu sein, die teilweise auch online vom Istituto Trento Doc organisiert werden, das f\u00fcr die Vermarktung des Markenzeichens zust\u00e4ndig ist. Jede der 175 Trentodoc-Etiketten wird mit einer genauen Beschreibung pr\u00e4sentiert und man kann sich (auch offline) Notizen und Anmerkungen machen. <\/span><\/p>\n<p class=\"p1\"><span class=\"s1\">Durch Anpassung der Navigation k\u00f6nnen Sie ein Archiv mit all Ihren bevorzugten Trentodoc-Etiketten, Ihren Verkostungserfahrungen und Ihrer Wunschliste f\u00fcr weitere Besuche anlegen. Durch die Geolokalisierung und das Hinzuf\u00fcgen der g\u00e4ngigsten Navigationssysteme k\u00f6nnen Sie mit der App ganz einfach alle Spumante-Kellereien erreichen und Tipps f\u00fcr weitere Sehensw\u00fcrdigkeiten in der N\u00e4he erhalten.<span class=\"Apple-converted-space\">\u00a0 \u00a0<\/span><\/span><\/p>\n<p class=\"p1\"><a href=\"https:\/\/mlink.link\/YovaQ\" target=\"_blank\" rel=\"noopener\"><span class=\"s1\">ZUR APP<\/span><\/a><\/p>\n","protected":false},"excerpt":{"rendered":"<p>55 Spumante-Hersteller, 175 Etiketten, Informationen rund um die Trentodoc-Schaumweine zum Genie\u00dfen zuhause oder im Restaurant, allein oder mit Freunden.\u00a0 \u00a0 Die App Trentodoc, die f\u00fcr Weinliebhaber und Reisende entwickelt wurde, f\u00fchrt Sie auf eine Entdeckungstour in die Welt des Metodo Classico Trentino und der Spumante-Hersteller und gibt Tipps f\u00fcr Kellerei-Besichtigungen, Etiketten, die Region und kulinarische, landschaftliche und kulturelle Highlights. Die mobile App erm\u00f6glicht es, immer auf dem neuesten Stand zu Veranstaltungen und Weinproben zu sein, [&hellip;]<\/p>\n","protected":false},"author":3,"featured_media":5457,"parent":0,"menu_order":0,"comment_status":"closed","ping_status":"closed","template":"","meta":{"footnotes":""},"class_list":["post-5455","page","type-page","status-publish","has-post-thumbnail","hentry"],"yoast_head":"<!-- This site is optimized with the Yoast SEO plugin v27.2 - https:\/\/yoast.com\/product\/yoast-seo-wordpress\/ -->\n<title>Entdecken Sie die APP TRENTODOC - Maso Martis<\/title>\n<meta name=\"robots\" content=\"index, follow, max-snippet:-1, max-image-preview:large, max-video-preview:-1\" \/>\n<link rel=\"canonical\" href=\"https:\/\/www.masomartis.it\/de\/entdecken-sie-die-app-trentodoc\/\" \/>\n<meta property=\"og:locale\" content=\"de_DE\" \/>\n<meta property=\"og:type\" content=\"article\" \/>\n<meta property=\"og:title\" content=\"Entdecken Sie die APP TRENTODOC - Maso Martis\" \/>\n<meta property=\"og:description\" content=\"55 Spumante-Hersteller, 175 Etiketten, Informationen rund um die Trentodoc-Schaumweine zum Genie\u00dfen zuhause oder im Restaurant, allein oder mit Freunden.\u00a0 \u00a0 Die App Trentodoc, die f\u00fcr Weinliebhaber und Reisende entwickelt wurde, f\u00fchrt Sie auf eine Entdeckungstour in die Welt des Metodo Classico Trentino und der Spumante-Hersteller und gibt Tipps f\u00fcr Kellerei-Besichtigungen, Etiketten, die Region und kulinarische, landschaftliche und kulturelle Highlights. Die mobile App erm\u00f6glicht es, immer auf dem neuesten Stand zu Veranstaltungen und Weinproben zu sein, [&hellip;]\" \/>\n<meta property=\"og:url\" content=\"https:\/\/www.masomartis.it\/de\/entdecken-sie-die-app-trentodoc\/\" \/>\n<meta property=\"og:site_name\" content=\"Maso Martis\" \/>\n<meta property=\"og:image\" content=\"https:\/\/www.masomartis.it\/wp-content\/uploads\/2020\/07\/header-trentodoc-app.jpg\" \/>\n\t<meta property=\"og:image:width\" content=\"1600\" \/>\n\t<meta property=\"og:image:height\" content=\"550\" \/>\n\t<meta property=\"og:image:type\" content=\"image\/jpeg\" \/>\n<meta name=\"twitter:card\" content=\"summary_large_image\" \/>\n<meta name=\"twitter:label1\" content=\"Gesch\u00e4tzte Lesezeit\" \/>\n\t<meta name=\"twitter:data1\" content=\"1\u00a0Minute\" \/>\n<script type=\"application\/ld+json\" class=\"yoast-schema-graph\">{\"@context\":\"https:\/\/schema.org\",\"@graph\":[{\"@type\":\"WebPage\",\"@id\":\"https:\/\/www.masomartis.it\/de\/entdecken-sie-die-app-trentodoc\/\",\"url\":\"https:\/\/www.masomartis.it\/de\/entdecken-sie-die-app-trentodoc\/\",\"name\":\"Entdecken Sie die APP TRENTODOC - Maso Martis\",\"isPartOf\":{\"@id\":\"https:\/\/www.masomartis.it\/#website\"},\"primaryImageOfPage\":{\"@id\":\"https:\/\/www.masomartis.it\/de\/entdecken-sie-die-app-trentodoc\/#primaryimage\"},\"image\":{\"@id\":\"https:\/\/www.masomartis.it\/de\/entdecken-sie-die-app-trentodoc\/#primaryimage\"},\"thumbnailUrl\":\"https:\/\/www.masomartis.it\/wp-content\/uploads\/2020\/07\/header-trentodoc-app.jpg\",\"datePublished\":\"2022-09-12T16:50:01+00:00\",\"breadcrumb\":{\"@id\":\"https:\/\/www.masomartis.it\/de\/entdecken-sie-die-app-trentodoc\/#breadcrumb\"},\"inLanguage\":\"de\",\"potentialAction\":[{\"@type\":\"ReadAction\",\"target\":[\"https:\/\/www.masomartis.it\/de\/entdecken-sie-die-app-trentodoc\/\"]}]},{\"@type\":\"ImageObject\",\"inLanguage\":\"de\",\"@id\":\"https:\/\/www.masomartis.it\/de\/entdecken-sie-die-app-trentodoc\/#primaryimage\",\"url\":\"https:\/\/www.masomartis.it\/wp-content\/uploads\/2020\/07\/header-trentodoc-app.jpg\",\"contentUrl\":\"https:\/\/www.masomartis.it\/wp-content\/uploads\/2020\/07\/header-trentodoc-app.jpg\",\"width\":1600,\"height\":550},{\"@type\":\"BreadcrumbList\",\"@id\":\"https:\/\/www.masomartis.it\/de\/entdecken-sie-die-app-trentodoc\/#breadcrumb\",\"itemListElement\":[{\"@type\":\"ListItem\",\"position\":1,\"name\":\"Home\",\"item\":\"https:\/\/www.masomartis.it\/de\/\"},{\"@type\":\"ListItem\",\"position\":2,\"name\":\"Entdecken Sie die APP TRENTODOC\"}]},{\"@type\":\"WebSite\",\"@id\":\"https:\/\/www.masomartis.it\/#website\",\"url\":\"https:\/\/www.masomartis.it\/\",\"name\":\"Maso Martis\",\"description\":\"Effervescenza delle Dolomiti\",\"potentialAction\":[{\"@type\":\"SearchAction\",\"target\":{\"@type\":\"EntryPoint\",\"urlTemplate\":\"https:\/\/www.masomartis.it\/?s={search_term_string}\"},\"query-input\":{\"@type\":\"PropertyValueSpecification\",\"valueRequired\":true,\"valueName\":\"search_term_string\"}}],\"inLanguage\":\"de\"}]}<\/script>\n<!-- \/ Yoast SEO plugin. -->","yoast_head_json":{"title":"Entdecken Sie die APP TRENTODOC - Maso Martis","robots":{"index":"index","follow":"follow","max-snippet":"max-snippet:-1","max-image-preview":"max-image-preview:large","max-video-preview":"max-video-preview:-1"},"canonical":"https:\/\/www.masomartis.it\/de\/entdecken-sie-die-app-trentodoc\/","og_locale":"de_DE","og_type":"article","og_title":"Entdecken Sie die APP TRENTODOC - Maso Martis","og_description":"55 Spumante-Hersteller, 175 Etiketten, Informationen rund um die Trentodoc-Schaumweine zum Genie\u00dfen zuhause oder im Restaurant, allein oder mit Freunden.\u00a0 \u00a0 Die App Trentodoc, die f\u00fcr Weinliebhaber und Reisende entwickelt wurde, f\u00fchrt Sie auf eine Entdeckungstour in die Welt des Metodo Classico Trentino und der Spumante-Hersteller und gibt Tipps f\u00fcr Kellerei-Besichtigungen, Etiketten, die Region und kulinarische, landschaftliche und kulturelle Highlights. Die mobile App erm\u00f6glicht es, immer auf dem neuesten Stand zu Veranstaltungen und Weinproben zu sein, [&hellip;]","og_url":"https:\/\/www.masomartis.it\/de\/entdecken-sie-die-app-trentodoc\/","og_site_name":"Maso Martis","og_image":[{"width":1600,"height":550,"url":"https:\/\/www.masomartis.it\/wp-content\/uploads\/2020\/07\/header-trentodoc-app.jpg","type":"image\/jpeg"}],"twitter_card":"summary_large_image","twitter_misc":{"Gesch\u00e4tzte Lesezeit":"1\u00a0Minute"},"schema":{"@context":"https:\/\/schema.org","@graph":[{"@type":"WebPage","@id":"https:\/\/www.masomartis.it\/de\/entdecken-sie-die-app-trentodoc\/","url":"https:\/\/www.masomartis.it\/de\/entdecken-sie-die-app-trentodoc\/","name":"Entdecken Sie die APP TRENTODOC - Maso Martis","isPartOf":{"@id":"https:\/\/www.masomartis.it\/#website"},"primaryImageOfPage":{"@id":"https:\/\/www.masomartis.it\/de\/entdecken-sie-die-app-trentodoc\/#primaryimage"},"image":{"@id":"https:\/\/www.masomartis.it\/de\/entdecken-sie-die-app-trentodoc\/#primaryimage"},"thumbnailUrl":"https:\/\/www.masomartis.it\/wp-content\/uploads\/2020\/07\/header-trentodoc-app.jpg","datePublished":"2022-09-12T16:50:01+00:00","breadcrumb":{"@id":"https:\/\/www.masomartis.it\/de\/entdecken-sie-die-app-trentodoc\/#breadcrumb"},"inLanguage":"de","potentialAction":[{"@type":"ReadAction","target":["https:\/\/www.masomartis.it\/de\/entdecken-sie-die-app-trentodoc\/"]}]},{"@type":"ImageObject","inLanguage":"de","@id":"https:\/\/www.masomartis.it\/de\/entdecken-sie-die-app-trentodoc\/#primaryimage","url":"https:\/\/www.masomartis.it\/wp-content\/uploads\/2020\/07\/header-trentodoc-app.jpg","contentUrl":"https:\/\/www.masomartis.it\/wp-content\/uploads\/2020\/07\/header-trentodoc-app.jpg","width":1600,"height":550},{"@type":"BreadcrumbList","@id":"https:\/\/www.masomartis.it\/de\/entdecken-sie-die-app-trentodoc\/#breadcrumb","itemListElement":[{"@type":"ListItem","position":1,"name":"Home","item":"https:\/\/www.masomartis.it\/de\/"},{"@type":"ListItem","position":2,"name":"Entdecken Sie die APP TRENTODOC"}]},{"@type":"WebSite","@id":"https:\/\/www.masomartis.it\/#website","url":"https:\/\/www.masomartis.it\/","name":"Maso Martis","description":"Effervescenza delle Dolomiti","potentialAction":[{"@type":"SearchAction","target":{"@type":"EntryPoint","urlTemplate":"https:\/\/www.masomartis.it\/?s={search_term_string}"},"query-input":{"@type":"PropertyValueSpecification","valueRequired":true,"valueName":"search_term_string"}}],"inLanguage":"de"}]}},"meta_box":{"team_title":"","team_picture":false,"video_title":"","video_content":"","video_picture":false,"brochure_title":"","brochure_description":"","brochure_cover":false,"brochure_pdf":[],"prizes":[],"teamitems":[],"pressitems":[],"galleria":[],"shortcode_form":"","link_title":"","link_url":"","simplegrids":[],"visits":[],"visits_food":[],"additional_info":"","slider_slogan":"","slider_subtitle":"","slideshow":[],"intro_title":"","intro_subtitle":"","intro_content":"","intro_picture":false,"philosophy_title":"","philosophy_content":"","philosophy_picture":false,"wines_title":"","wines_subtitle":"","wines":[],"events_title":"","events_subtitle":"","blog_title":"","blog_subtitle":"","main_news":""},"_links":{"self":[{"href":"https:\/\/www.masomartis.it\/de\/wp-json\/wp\/v2\/pages\/5455","targetHints":{"allow":["GET"]}}],"collection":[{"href":"https:\/\/www.masomartis.it\/de\/wp-json\/wp\/v2\/pages"}],"about":[{"href":"https:\/\/www.masomartis.it\/de\/wp-json\/wp\/v2\/types\/page"}],"author":[{"embeddable":true,"href":"https:\/\/www.masomartis.it\/de\/wp-json\/wp\/v2\/users\/3"}],"replies":[{"embeddable":true,"href":"https:\/\/www.masomartis.it\/de\/wp-json\/wp\/v2\/comments?post=5455"}],"version-history":[{"count":1,"href":"https:\/\/www.masomartis.it\/de\/wp-json\/wp\/v2\/pages\/5455\/revisions"}],"predecessor-version":[{"id":5456,"href":"https:\/\/www.masomartis.it\/de\/wp-json\/wp\/v2\/pages\/5455\/revisions\/5456"}],"wp:featuredmedia":[{"embeddable":true,"href":"https:\/\/www.masomartis.it\/de\/wp-json\/wp\/v2\/media\/5457"}],"wp:attachment":[{"href":"https:\/\/www.masomartis.it\/de\/wp-json\/wp\/v2\/media?parent=5455"}],"curies":[{"name":"wp","href":"https:\/\/api.w.org\/{rel}","templated":true}]}}