{"id":5461,"date":"2022-09-12T18:55:48","date_gmt":"2022-09-12T16:55:48","guid":{"rendered":"https:\/\/www.masomartis.it\/?page_id=5461"},"modified":"2022-09-12T18:59:06","modified_gmt":"2022-09-12T16:59:06","slug":"bau-eines-lagerraums-auf-dem-weingut-maso-martis","status":"publish","type":"page","link":"https:\/\/www.masomartis.it\/de\/bau-eines-lagerraums-auf-dem-weingut-maso-martis\/","title":{"rendered":"Bau eines Lagerraums auf dem Weingut Maso Martis"},"content":{"rendered":"<h2 class=\"p1\"><span class=\"s1\">Ma\u00dfnahme 4.2.1: Beihilfen zugunsten von Investitionen f\u00fcr die Verarbeitung\/Vermarktung und Entwicklung von landwirtschaftlichen Erzeugnissen\u00a0<\/span><\/h2>\n<h3 class=\"p1\"><span class=\"s1\">Ziel 3A: Bessere Einbeziehung der Prim\u00e4rerzeuger in die Nahrungsmittelkette durch Qualit\u00e4tsregelungen, die Absatzf\u00f6rderung auf lokalen M\u00e4rkten, kurze Versorgungswege, Erzeugergemeinschaften und Branchenverb\u00e4nde.\u00a0<\/span><\/h3>\n<p class=\"p1\"><span class=\"s1\">Die Geschichte des landwirtschaftlichen Betriebs Maso Martis beginnt in den achtziger Jahren, als der Unternehmer Giuseppe Stelzer eine Investitionsm\u00f6glichkeit findet. Er verkauft eine Immobilie in Venetien und kauft 15 Hektar Land mit Wald und einem Bauernhaus auf dem H\u00fcgel \u00f6stlich von Trient in Martignano. Der Ort befindet sich in 450 m H\u00f6he am Fu\u00dfe des Monte Calisio (auch Argentario genannt) und zeichnet sich durch kalkhaltige B\u00f6den aus, die reich an Skelett und rotem Trentino-Gestein sind, sowie durch eine hervorragende Sonneneinstrahlung, womit die idealen Voraussetzungen f\u00fcr den Weinanbau gegeben waren.<\/span><\/p>\n<p class=\"p1\"><span class=\"s1\">Von Anfang an widmeten sich die Eigent\u00fcmer Antonio Stelzer und Roberta Giuriali fast ausschlie\u00dflich der Herstellung von Spumante nach der Methode der traditionellen Flascheng\u00e4rung, eine gro\u00dfe Herausforderung in jenen Jahren, als diese Art von Trentiner Produkt noch nicht den Ruf f\u00fcr hohe Qualit\u00e4t erlangt hatte, den es heute mit der Marke Trentodoc hat. Urspr\u00fcnglich war ein Teil der Trauben f\u00fcr die Lieferung an andere Weinproduzenten bestimmt, aber Jahr f\u00fcr Jahr stieg die Nachfrage auf dem Markt und damit auch die Notwendigkeit, die Produktion zu erh\u00f6hen, so dass das Unternehmen beschloss, die gesamten Trauben f\u00fcr die eigene Verarbeitung zu verwenden, was zu einer Gesamtproduktion von etwa 70.000 Flaschen Spumante Metodo Classico und Wein f\u00fchrte. <\/span><\/p>\n<p class=\"p1\"><span class=\"s1\">Der Weinkeller ist auf mehreren Etagen gebaut worden: Im erh\u00f6hten Teil, der der Weinbereitung gewidmet ist, befinden sich die pneumatische Presse, die Sortierbank, das F\u00f6rderband, die Pumpen und Filter mit verschiedenen Nutzungseigenschaften sowie die Stahltanks mit unterschiedlichem Fassungsverm\u00f6gen von insgesamt etwa 80.000 Litern. Auf derselben Etage befinden sich die Abf\u00fcllmaschine, eine kleine manuelle Degorgieranlage und ein kleines Labor. Auf der dem Vorplatz zugewandten Seite befindet sich ein unterirdischer Teil, in dem die Barriques und Flaschenk\u00f6rbe untergebracht sind, w\u00e4hrend im oberirdischen, klimatisierten Teil die Gyropalette f\u00fcr die Remuage und Flaschenk\u00f6rbe (die vor und nach der Remuage gebraucht werden) sowie die Etikettiermaschine untergebracht sind. Alle R\u00e4ume des Weinguts sind mittlerweile belegt. <\/span><\/p>\n<p class=\"p1\"><span class=\"s1\">Seit der Ernte 2013, drei Jahre nach der Umstellung, hat das Unternehmen die Bio-Zertifizierung des ICEA f\u00fcr seinen Weinberg und seinen Weinkeller erhalten und beteiligt sich aktiv an dem Projekt, mit dem das Trentino zu einer Bio-Region gemacht werden soll. Die Gesundheit der Umwelt und des Weines, den sie an den Kunden verkaufen, sind eine Grundlage der Produktionsphilosophie des Unternehmens und ein Mehrwert f\u00fcr den Endkunden. Bis vor einigen Jahren produzierte das Unternehmen nur mit eigenen Trauben, aber um die steigende Nachfrage, vor allem nach Trentodoc-Produkten, zu befriedigen, kauft es derzeit einen Teil der verarbeiteten Trauben (5-10%) von kleinen, ebenfalls bio-zertifizierten Erzeugern aus der Umgebung, solange die Arbeiten zur Umstellung der Weinberge noch nicht abgeschlossen sind und der gesamte Ertrag des Weinbergs genutzt werden kann, um unseren Bedarf zu decken. Das Hauptziel ist es stets, ein Produkt von h\u00f6chster Qualit\u00e4t anzubieten.<\/span><\/p>\n<p class=\"p1\"><span class=\"s1\">Die Entscheidung, die Produktion zu erh\u00f6hen, hatte nat\u00fcrlich auch kommerzielle Gr\u00fcnde, d.h. wir wollten der wachsenden Nachfrage nachkommen, aber gleichzeitig wollten wir auch Arbeit f\u00fcr die n\u00e4chste Generation schaffen. Unsere Erstgeborene Alessandra arbeitet seit ihrem Studienabschluss in Public Relations und Business Communication 2015 mit uns und auch Maddalena arbeitet seit ihrem Schulabschluss mit uns.<span class=\"Apple-converted-space\">\u00a0 <\/span><\/span><\/p>\n<p class=\"p1\"><span class=\"s1\">Der Weintechniker Matteo Ferrari und der Agrotechniker Andrea Cristelloni sind fest bei uns angestellt, au\u00dferdem arbeiten einige Saisonarbeiter je nach Bedarf f\u00fcr uns. <\/span><\/p>\n<p class=\"p1\"><span class=\"s1\">Wir haben entscheiden, die Produktion von Spumante nach der klassischen Methode Trentodoc zu erh\u00f6hen, weil wir diese als unser Kerngesch\u00e4ft betrachten und daf\u00fcr die Weinproduktion zu reduzieren, die nicht unseren Hauptmarkt darstellt. Wir wollen neue Produkte kreieren und unser Angebot weiter diversifizieren. <\/span><\/p>\n<p class=\"p1\"><span class=\"s1\">Die Regeln f\u00fcr die Trentodoc-Produktion legen eine mehr oder weniger lange Verweildauer auf der Hefe fest (mindestens 15 Monate f\u00fcr einen Jahrgangswein und 36 Monate f\u00fcr einen Reservewein), wodurch gro\u00dfe R\u00e4umlichkeiten f\u00fcr die Lagerung der Flaschen w\u00e4hrend des G\u00e4rungsprozesses erforderlich sind.<span class=\"Apple-converted-space\">\u00a0 \u00a0<\/span><\/span><\/p>\n<p class=\"p1\"><span class=\"s1\">Um die Produktion schrittweise zu steigern, beschloss Antonio im Jahr 2015, ein Lagerhaus im Norden von Trient zu mieten. F\u00fcr die Herstellung von Metodo Classico mit langer Lagerung auf der Hefe reicht der Platz auf dem Weingut nicht mehr aus.<\/span><\/p>\n<p class=\"p1\"><span class=\"s1\">Vor diesem Hintergrund entstand die Notwendigkeit, R\u00e4umlichkeiten f\u00fcr die Verarbeitung, die Produktion und die Lagerung neben dem Maso zu bauen, damit die gesamte Produktion an einem Ort erfolgt. Die Arbeiten hierf\u00fcr begannen im Winter 2017. <\/span><\/p>\n<p class=\"p1\"><span class=\"s1\">Dank des Programms f\u00fcr l\u00e4ndliche Entwicklung 2014-2020 der Autonomen Provinz Trient und der Ma\u00dfnahme 4.2. 1 \u201eBeihilfen zugunsten von Investitionen f\u00fcr die Verarbeitung, Vermarktung und Entwicklung von landwirtschaftlichen Erzeugnissen\u201c, die zur Erreichung der Ziele des Schwerpunktbereichs 3A \u201eBessere Einbeziehung der Prim\u00e4rerzeuger in die Nahrungsmittelkette durch Qualit\u00e4tsregelungen, die Absatzf\u00f6rderung auf lokalen M\u00e4rkten, kurze Versorgungswege, Erzeugergemeinschaften und Branchenverb\u00e4nde\u201c beitr\u00e4gt, konnte dieses gro\u00dfe und wichtige Projekt realisiert werden, wodurch die Kosten f\u00fcr die Anmietung des Lagerraums und den Transport der Flaschen und der Arbeitsaufwand f\u00fcr die st\u00e4ndigen Fahrten zwischen dem landwirtschaftlichen Produktionsstandort und dem Lagerhaus eingespart werden konnten. Au\u00dferdem wirkt sich die starke Verringerung des Stra\u00dfeng\u00fcterverkehrs auch positiv auf die \u00f6kologische Nachhaltigkeit aus.<span class=\"Apple-converted-space\">\u00a0 \u00a0<\/span><\/span><\/p>\n<p class=\"p1\"><span class=\"s1\">Durch die neuen R\u00e4ume k\u00f6nnen wir dar\u00fcber hinaus mit Hilfe von Drittbetrieben das Degorgieren mechanisch ausf\u00fchren, was es uns erm\u00f6glicht die gesamte Produktionskette von der Lese bis zur Lieferung an den Handel selbst durchzuf\u00fchren und au\u00dferdem geringere Kosten f\u00fcr Arbeitskr\u00e4fte, die diese Arbeiten per Hand durchf\u00fchren mussten, eine h\u00f6here Qualit\u00e4t des Endprodukts und ein optimales Personalmanagement mit sich bringt.<\/span><\/p>\n<p class=\"p1\"><strong><span class=\"s1\">Zuschussf\u00e4hige Ausgaben: 449.141,00 Euro<\/span><\/strong><\/p>\n<p class=\"p1\"><strong><span class=\"s1\">Genehmigter Zuschuss (40%) 179.656,40\u00a0Euro, davon 77.216,32 Euro aus dem ELER, 71.708,06 Euro Staatsanteil und 30.732,02 Euro von der Autonomen Provinz Trient<\/span><\/strong><\/p>\n<p class=\"p1\"><span class=\"s1\">F\u00fcr mehr Informationen zu Finanzierungsm\u00f6glichkeiten besuchen Sie die Website des Programms f\u00fcr l\u00e4ndliche Entwicklung auf\u00a0www.psr.provincia.tn.it\u00a0und der Europ\u00e4ischen Kommission zum ELER\u00a0<a href=\"https:\/\/ec.europa.eu\/agriculture\/rural-development-2014-2020_it\">https:\/\/ec.europa.eu\/agriculture\/rural-development-2014-2020<\/a><\/span><\/p>\n<p><img loading=\"lazy\" decoding=\"async\" class=\"alignnone size-full wp-image-5468\" src=\"https:\/\/www.masomartis.it\/wp-content\/uploads\/2022\/09\/feasr-loghi_web-big.gif\" alt=\"\" width=\"400\" height=\"81\" \/><\/p>\n","protected":false},"excerpt":{"rendered":"<p>Ma\u00dfnahme 4.2.1: Beihilfen zugunsten von Investitionen f\u00fcr die Verarbeitung\/Vermarktung und Entwicklung von landwirtschaftlichen Erzeugnissen\u00a0 Ziel 3A: Bessere Einbeziehung der Prim\u00e4rerzeuger in die Nahrungsmittelkette durch Qualit\u00e4tsregelungen, die Absatzf\u00f6rderung auf lokalen M\u00e4rkten, kurze Versorgungswege, Erzeugergemeinschaften und Branchenverb\u00e4nde.\u00a0 Die Geschichte des landwirtschaftlichen Betriebs Maso Martis beginnt in den achtziger Jahren, als der Unternehmer Giuseppe Stelzer eine Investitionsm\u00f6glichkeit findet. Er verkauft eine Immobilie in Venetien und kauft 15 Hektar Land mit Wald und einem Bauernhaus auf dem H\u00fcgel \u00f6stlich [&hellip;]<\/p>\n","protected":false},"author":3,"featured_media":0,"parent":0,"menu_order":0,"comment_status":"closed","ping_status":"closed","template":"page-templates\/no-picture-with-gallery.php","meta":{"footnotes":""},"class_list":["post-5461","page","type-page","status-publish","hentry"],"yoast_head":"<!-- This site is optimized with the Yoast SEO plugin v27.2 - https:\/\/yoast.com\/product\/yoast-seo-wordpress\/ -->\n<title>Bau eines Lagerraums auf dem Weingut Maso Martis - Maso Martis<\/title>\n<meta name=\"robots\" content=\"index, follow, max-snippet:-1, max-image-preview:large, max-video-preview:-1\" \/>\n<link rel=\"canonical\" href=\"https:\/\/www.masomartis.it\/de\/bau-eines-lagerraums-auf-dem-weingut-maso-martis\/\" \/>\n<meta property=\"og:locale\" content=\"de_DE\" \/>\n<meta property=\"og:type\" content=\"article\" \/>\n<meta property=\"og:title\" content=\"Bau eines Lagerraums auf dem Weingut Maso Martis - Maso Martis\" \/>\n<meta property=\"og:description\" content=\"Ma\u00dfnahme 4.2.1: Beihilfen zugunsten von Investitionen f\u00fcr die Verarbeitung\/Vermarktung und Entwicklung von landwirtschaftlichen Erzeugnissen\u00a0 Ziel 3A: Bessere Einbeziehung der Prim\u00e4rerzeuger in die Nahrungsmittelkette durch Qualit\u00e4tsregelungen, die Absatzf\u00f6rderung auf lokalen M\u00e4rkten, kurze Versorgungswege, Erzeugergemeinschaften und Branchenverb\u00e4nde.\u00a0 Die Geschichte des landwirtschaftlichen Betriebs Maso Martis beginnt in den achtziger Jahren, als der Unternehmer Giuseppe Stelzer eine Investitionsm\u00f6glichkeit findet. Er verkauft eine Immobilie in Venetien und kauft 15 Hektar Land mit Wald und einem Bauernhaus auf dem H\u00fcgel \u00f6stlich [&hellip;]\" \/>\n<meta property=\"og:url\" content=\"https:\/\/www.masomartis.it\/de\/bau-eines-lagerraums-auf-dem-weingut-maso-martis\/\" \/>\n<meta property=\"og:site_name\" content=\"Maso Martis\" \/>\n<meta property=\"article:modified_time\" content=\"2022-09-12T16:59:06+00:00\" \/>\n<meta property=\"og:image\" content=\"https:\/\/www.masomartis.it\/wp-content\/uploads\/2022\/09\/feasr-loghi_web-big.gif\" \/>\n<meta name=\"twitter:card\" content=\"summary_large_image\" \/>\n<meta name=\"twitter:label1\" content=\"Gesch\u00e4tzte Lesezeit\" \/>\n\t<meta name=\"twitter:data1\" content=\"5\u00a0Minuten\" \/>\n<script type=\"application\/ld+json\" class=\"yoast-schema-graph\">{\"@context\":\"https:\/\/schema.org\",\"@graph\":[{\"@type\":\"WebPage\",\"@id\":\"https:\/\/www.masomartis.it\/de\/bau-eines-lagerraums-auf-dem-weingut-maso-martis\/\",\"url\":\"https:\/\/www.masomartis.it\/de\/bau-eines-lagerraums-auf-dem-weingut-maso-martis\/\",\"name\":\"Bau eines Lagerraums auf dem Weingut Maso Martis - Maso Martis\",\"isPartOf\":{\"@id\":\"https:\/\/www.masomartis.it\/#website\"},\"primaryImageOfPage\":{\"@id\":\"https:\/\/www.masomartis.it\/de\/bau-eines-lagerraums-auf-dem-weingut-maso-martis\/#primaryimage\"},\"image\":{\"@id\":\"https:\/\/www.masomartis.it\/de\/bau-eines-lagerraums-auf-dem-weingut-maso-martis\/#primaryimage\"},\"thumbnailUrl\":\"https:\/\/www.masomartis.it\/wp-content\/uploads\/2022\/09\/feasr-loghi_web-big.gif\",\"datePublished\":\"2022-09-12T16:55:48+00:00\",\"dateModified\":\"2022-09-12T16:59:06+00:00\",\"breadcrumb\":{\"@id\":\"https:\/\/www.masomartis.it\/de\/bau-eines-lagerraums-auf-dem-weingut-maso-martis\/#breadcrumb\"},\"inLanguage\":\"de\",\"potentialAction\":[{\"@type\":\"ReadAction\",\"target\":[\"https:\/\/www.masomartis.it\/de\/bau-eines-lagerraums-auf-dem-weingut-maso-martis\/\"]}]},{\"@type\":\"ImageObject\",\"inLanguage\":\"de\",\"@id\":\"https:\/\/www.masomartis.it\/de\/bau-eines-lagerraums-auf-dem-weingut-maso-martis\/#primaryimage\",\"url\":\"https:\/\/www.masomartis.it\/wp-content\/uploads\/2022\/09\/feasr-loghi_web-big.gif\",\"contentUrl\":\"https:\/\/www.masomartis.it\/wp-content\/uploads\/2022\/09\/feasr-loghi_web-big.gif\"},{\"@type\":\"BreadcrumbList\",\"@id\":\"https:\/\/www.masomartis.it\/de\/bau-eines-lagerraums-auf-dem-weingut-maso-martis\/#breadcrumb\",\"itemListElement\":[{\"@type\":\"ListItem\",\"position\":1,\"name\":\"Home\",\"item\":\"https:\/\/www.masomartis.it\/de\/\"},{\"@type\":\"ListItem\",\"position\":2,\"name\":\"Bau eines Lagerraums auf dem Weingut Maso Martis\"}]},{\"@type\":\"WebSite\",\"@id\":\"https:\/\/www.masomartis.it\/#website\",\"url\":\"https:\/\/www.masomartis.it\/\",\"name\":\"Maso Martis\",\"description\":\"Effervescenza delle Dolomiti\",\"potentialAction\":[{\"@type\":\"SearchAction\",\"target\":{\"@type\":\"EntryPoint\",\"urlTemplate\":\"https:\/\/www.masomartis.it\/?s={search_term_string}\"},\"query-input\":{\"@type\":\"PropertyValueSpecification\",\"valueRequired\":true,\"valueName\":\"search_term_string\"}}],\"inLanguage\":\"de\"}]}<\/script>\n<!-- \/ Yoast SEO plugin. -->","yoast_head_json":{"title":"Bau eines Lagerraums auf dem Weingut Maso Martis - Maso Martis","robots":{"index":"index","follow":"follow","max-snippet":"max-snippet:-1","max-image-preview":"max-image-preview:large","max-video-preview":"max-video-preview:-1"},"canonical":"https:\/\/www.masomartis.it\/de\/bau-eines-lagerraums-auf-dem-weingut-maso-martis\/","og_locale":"de_DE","og_type":"article","og_title":"Bau eines Lagerraums auf dem Weingut Maso Martis - Maso Martis","og_description":"Ma\u00dfnahme 4.2.1: Beihilfen zugunsten von Investitionen f\u00fcr die Verarbeitung\/Vermarktung und Entwicklung von landwirtschaftlichen Erzeugnissen\u00a0 Ziel 3A: Bessere Einbeziehung der Prim\u00e4rerzeuger in die Nahrungsmittelkette durch Qualit\u00e4tsregelungen, die Absatzf\u00f6rderung auf lokalen M\u00e4rkten, kurze Versorgungswege, Erzeugergemeinschaften und Branchenverb\u00e4nde.\u00a0 Die Geschichte des landwirtschaftlichen Betriebs Maso Martis beginnt in den achtziger Jahren, als der Unternehmer Giuseppe Stelzer eine Investitionsm\u00f6glichkeit findet. Er verkauft eine Immobilie in Venetien und kauft 15 Hektar Land mit Wald und einem Bauernhaus auf dem H\u00fcgel \u00f6stlich [&hellip;]","og_url":"https:\/\/www.masomartis.it\/de\/bau-eines-lagerraums-auf-dem-weingut-maso-martis\/","og_site_name":"Maso Martis","article_modified_time":"2022-09-12T16:59:06+00:00","og_image":[{"url":"https:\/\/www.masomartis.it\/wp-content\/uploads\/2022\/09\/feasr-loghi_web-big.gif","type":"","width":"","height":""}],"twitter_card":"summary_large_image","twitter_misc":{"Gesch\u00e4tzte Lesezeit":"5\u00a0Minuten"},"schema":{"@context":"https:\/\/schema.org","@graph":[{"@type":"WebPage","@id":"https:\/\/www.masomartis.it\/de\/bau-eines-lagerraums-auf-dem-weingut-maso-martis\/","url":"https:\/\/www.masomartis.it\/de\/bau-eines-lagerraums-auf-dem-weingut-maso-martis\/","name":"Bau eines Lagerraums auf dem Weingut Maso Martis - Maso Martis","isPartOf":{"@id":"https:\/\/www.masomartis.it\/#website"},"primaryImageOfPage":{"@id":"https:\/\/www.masomartis.it\/de\/bau-eines-lagerraums-auf-dem-weingut-maso-martis\/#primaryimage"},"image":{"@id":"https:\/\/www.masomartis.it\/de\/bau-eines-lagerraums-auf-dem-weingut-maso-martis\/#primaryimage"},"thumbnailUrl":"https:\/\/www.masomartis.it\/wp-content\/uploads\/2022\/09\/feasr-loghi_web-big.gif","datePublished":"2022-09-12T16:55:48+00:00","dateModified":"2022-09-12T16:59:06+00:00","breadcrumb":{"@id":"https:\/\/www.masomartis.it\/de\/bau-eines-lagerraums-auf-dem-weingut-maso-martis\/#breadcrumb"},"inLanguage":"de","potentialAction":[{"@type":"ReadAction","target":["https:\/\/www.masomartis.it\/de\/bau-eines-lagerraums-auf-dem-weingut-maso-martis\/"]}]},{"@type":"ImageObject","inLanguage":"de","@id":"https:\/\/www.masomartis.it\/de\/bau-eines-lagerraums-auf-dem-weingut-maso-martis\/#primaryimage","url":"https:\/\/www.masomartis.it\/wp-content\/uploads\/2022\/09\/feasr-loghi_web-big.gif","contentUrl":"https:\/\/www.masomartis.it\/wp-content\/uploads\/2022\/09\/feasr-loghi_web-big.gif"},{"@type":"BreadcrumbList","@id":"https:\/\/www.masomartis.it\/de\/bau-eines-lagerraums-auf-dem-weingut-maso-martis\/#breadcrumb","itemListElement":[{"@type":"ListItem","position":1,"name":"Home","item":"https:\/\/www.masomartis.it\/de\/"},{"@type":"ListItem","position":2,"name":"Bau eines Lagerraums auf dem Weingut Maso Martis"}]},{"@type":"WebSite","@id":"https:\/\/www.masomartis.it\/#website","url":"https:\/\/www.masomartis.it\/","name":"Maso Martis","description":"Effervescenza delle Dolomiti","potentialAction":[{"@type":"SearchAction","target":{"@type":"EntryPoint","urlTemplate":"https:\/\/www.masomartis.it\/?s={search_term_string}"},"query-input":{"@type":"PropertyValueSpecification","valueRequired":true,"valueName":"search_term_string"}}],"inLanguage":"de"}]}},"meta_box":{"team_title":"","team_picture":false,"video_title":"","video_content":"","video_picture":false,"brochure_title":"","brochure_description":"","brochure_cover":false,"brochure_pdf":[],"prizes":[],"teamitems":[],"pressitems":[],"galleria":[],"shortcode_form":"","link_title":"","link_url":"","simplegrids":[],"visits":[],"visits_food":[],"additional_info":"","slider_slogan":"","slider_subtitle":"","slideshow":[],"intro_title":"","intro_subtitle":"","intro_content":"","intro_picture":false,"philosophy_title":"","philosophy_content":"","philosophy_picture":false,"wines_title":"","wines_subtitle":"","wines":[],"events_title":"","events_subtitle":"","blog_title":"","blog_subtitle":"","main_news":""},"_links":{"self":[{"href":"https:\/\/www.masomartis.it\/de\/wp-json\/wp\/v2\/pages\/5461","targetHints":{"allow":["GET"]}}],"collection":[{"href":"https:\/\/www.masomartis.it\/de\/wp-json\/wp\/v2\/pages"}],"about":[{"href":"https:\/\/www.masomartis.it\/de\/wp-json\/wp\/v2\/types\/page"}],"author":[{"embeddable":true,"href":"https:\/\/www.masomartis.it\/de\/wp-json\/wp\/v2\/users\/3"}],"replies":[{"embeddable":true,"href":"https:\/\/www.masomartis.it\/de\/wp-json\/wp\/v2\/comments?post=5461"}],"version-history":[{"count":2,"href":"https:\/\/www.masomartis.it\/de\/wp-json\/wp\/v2\/pages\/5461\/revisions"}],"predecessor-version":[{"id":5472,"href":"https:\/\/www.masomartis.it\/de\/wp-json\/wp\/v2\/pages\/5461\/revisions\/5472"}],"wp:attachment":[{"href":"https:\/\/www.masomartis.it\/de\/wp-json\/wp\/v2\/media?parent=5461"}],"curies":[{"name":"wp","href":"https:\/\/api.w.org\/{rel}","templated":true}]}}