{"id":5637,"date":"2022-09-22T12:51:09","date_gmt":"2022-09-22T10:51:09","guid":{"rendered":"https:\/\/www.masomartis.it\/?page_id=5637"},"modified":"2023-01-30T15:48:31","modified_gmt":"2023-01-30T14:48:31","slug":"bio-anbau","status":"publish","type":"page","link":"https:\/\/www.masomartis.it\/de\/bio-anbau\/","title":{"rendered":"Bio-Anbau"},"content":{"rendered":"<p><img loading=\"lazy\" decoding=\"async\" class=\"alignright wp-image-113 size-full\" style=\"margin: 0 0 10px 10px;\" src=\"https:\/\/www.masomartis.it\/wp-content\/uploads\/2018\/07\/bio_certificazione.png\" alt=\"\" width=\"285\" height=\"89\" \/><\/p>\n<p><strong>Anders von Anfang an.<\/strong><br \/>\nSeit 1986 bewirtschaften wir 12 Hektar Weinberge auf Kalkb\u00f6den, die reich an Skelett und rotem Trentiner Gestein sind.<\/p>\n<p class=\"p1\"><span class=\"s1\">Wir produzieren nicht mehr als 90.000 Flaschen pro Jahr, davon sind 80.000 TRENTODOC-Weine. Unsere Weine werden mit biologischen Trauben aus unseren Weinbergen sowie mit Trauben von zertifizierten Bio-Bauern auf den H\u00fcgeln um Trient erzeugt. Die Weinlese auf unserem Weingut erfolgt ausschlie\u00dflich per Hand und wird jedes Jahr wie ein gro\u00dfes Bauernfest gefeiert. Unser Wunsch, die Gesundheit der Trauben und des Ortes, an dem wir leben, zu erhalten, hat uns zum biologischen Anbau gef\u00fchrt. <span class=\"Apple-converted-space\">\u00a0 \u00a0<\/span><\/span><\/p>\n<p class=\"p1\"><span class=\"s1\">Mit der Weinlese 2013 haben wir die ICEA-Biozertifizierung f\u00fcr den Weinberg und die Kellerei erhalten. Nach den Regeln des biologischen Anbaus zu arbeiten, bedeutet die nat\u00fcrliche Fruchtbarkeit des Bodens zu nutzen und diese nur durch behutsame Eingriffe zu unterst\u00fctzen, die Biodiversit\u00e4t unserer Umgebung zu f\u00f6rdern und den Einsatz von chemischen Produkten und gentechnisch ver\u00e4nderten Organismen (GVO) einzuschr\u00e4nken oder ganz auf diese zu verzichten.\u00a0<\/span><\/p>\n<p class=\"p1\"><span class=\"s1\">Die Gesundheit der Umwelt, die uns umgibt und des Weines, den wir an unsere Kunden verkaufen, liegt uns am Herzen. <\/span><\/p>\n","protected":false},"excerpt":{"rendered":"<p>Anders von Anfang an. Seit 1986 bewirtschaften wir 12 Hektar Weinberge auf Kalkb\u00f6den, die reich an Skelett und rotem Trentiner Gestein sind. Wir produzieren nicht mehr als 90.000 Flaschen pro Jahr, davon sind 80.000 TRENTODOC-Weine. Unsere Weine werden mit biologischen Trauben aus unseren Weinbergen sowie mit Trauben von zertifizierten Bio-Bauern auf den H\u00fcgeln um Trient erzeugt. Die Weinlese auf unserem Weingut erfolgt ausschlie\u00dflich per Hand und wird jedes Jahr wie ein gro\u00dfes Bauernfest gefeiert. Unser [&hellip;]<\/p>\n","protected":false},"author":3,"featured_media":5311,"parent":0,"menu_order":0,"comment_status":"closed","ping_status":"closed","template":"page-templates\/shortcuts.php","meta":{"footnotes":""},"class_list":["post-5637","page","type-page","status-publish","has-post-thumbnail","hentry"],"yoast_head":"<!-- This site is optimized with the Yoast SEO plugin v27.2 - https:\/\/yoast.com\/product\/yoast-seo-wordpress\/ -->\n<title>Bio-Anbau - Maso Martis<\/title>\n<meta name=\"robots\" content=\"index, follow, max-snippet:-1, max-image-preview:large, max-video-preview:-1\" \/>\n<link rel=\"canonical\" href=\"https:\/\/www.masomartis.it\/de\/bio-anbau\/\" \/>\n<meta property=\"og:locale\" content=\"de_DE\" \/>\n<meta property=\"og:type\" content=\"article\" \/>\n<meta property=\"og:title\" content=\"Bio-Anbau - Maso Martis\" \/>\n<meta property=\"og:description\" content=\"Anders von Anfang an. Seit 1986 bewirtschaften wir 12 Hektar Weinberge auf Kalkb\u00f6den, die reich an Skelett und rotem Trentiner Gestein sind. Wir produzieren nicht mehr als 90.000 Flaschen pro Jahr, davon sind 80.000 TRENTODOC-Weine. Unsere Weine werden mit biologischen Trauben aus unseren Weinbergen sowie mit Trauben von zertifizierten Bio-Bauern auf den H\u00fcgeln um Trient erzeugt. Die Weinlese auf unserem Weingut erfolgt ausschlie\u00dflich per Hand und wird jedes Jahr wie ein gro\u00dfes Bauernfest gefeiert. Unser [&hellip;]\" \/>\n<meta property=\"og:url\" content=\"https:\/\/www.masomartis.it\/de\/bio-anbau\/\" \/>\n<meta property=\"og:site_name\" content=\"Maso Martis\" \/>\n<meta property=\"article:modified_time\" content=\"2023-01-30T14:48:31+00:00\" \/>\n<meta property=\"og:image\" content=\"https:\/\/www.masomartis.it\/wp-content\/uploads\/2018\/07\/H4A5136.jpg\" \/>\n\t<meta property=\"og:image:width\" content=\"1000\" \/>\n\t<meta property=\"og:image:height\" content=\"667\" \/>\n\t<meta property=\"og:image:type\" content=\"image\/jpeg\" \/>\n<meta name=\"twitter:card\" content=\"summary_large_image\" \/>\n<meta name=\"twitter:label1\" content=\"Gesch\u00e4tzte Lesezeit\" \/>\n\t<meta name=\"twitter:data1\" content=\"1\u00a0Minute\" \/>\n<script type=\"application\/ld+json\" class=\"yoast-schema-graph\">{\"@context\":\"https:\/\/schema.org\",\"@graph\":[{\"@type\":\"WebPage\",\"@id\":\"https:\/\/www.masomartis.it\/de\/bio-anbau\/\",\"url\":\"https:\/\/www.masomartis.it\/de\/bio-anbau\/\",\"name\":\"Bio-Anbau - Maso Martis\",\"isPartOf\":{\"@id\":\"https:\/\/www.masomartis.it\/#website\"},\"primaryImageOfPage\":{\"@id\":\"https:\/\/www.masomartis.it\/de\/bio-anbau\/#primaryimage\"},\"image\":{\"@id\":\"https:\/\/www.masomartis.it\/de\/bio-anbau\/#primaryimage\"},\"thumbnailUrl\":\"https:\/\/www.masomartis.it\/wp-content\/uploads\/2018\/07\/H4A5136.jpg\",\"datePublished\":\"2022-09-22T10:51:09+00:00\",\"dateModified\":\"2023-01-30T14:48:31+00:00\",\"breadcrumb\":{\"@id\":\"https:\/\/www.masomartis.it\/de\/bio-anbau\/#breadcrumb\"},\"inLanguage\":\"de\",\"potentialAction\":[{\"@type\":\"ReadAction\",\"target\":[\"https:\/\/www.masomartis.it\/de\/bio-anbau\/\"]}]},{\"@type\":\"ImageObject\",\"inLanguage\":\"de\",\"@id\":\"https:\/\/www.masomartis.it\/de\/bio-anbau\/#primaryimage\",\"url\":\"https:\/\/www.masomartis.it\/wp-content\/uploads\/2018\/07\/H4A5136.jpg\",\"contentUrl\":\"https:\/\/www.masomartis.it\/wp-content\/uploads\/2018\/07\/H4A5136.jpg\",\"width\":1000,\"height\":667},{\"@type\":\"BreadcrumbList\",\"@id\":\"https:\/\/www.masomartis.it\/de\/bio-anbau\/#breadcrumb\",\"itemListElement\":[{\"@type\":\"ListItem\",\"position\":1,\"name\":\"Home\",\"item\":\"https:\/\/www.masomartis.it\/de\/\"},{\"@type\":\"ListItem\",\"position\":2,\"name\":\"Bio-Anbau\"}]},{\"@type\":\"WebSite\",\"@id\":\"https:\/\/www.masomartis.it\/#website\",\"url\":\"https:\/\/www.masomartis.it\/\",\"name\":\"Maso Martis\",\"description\":\"Effervescenza delle Dolomiti\",\"potentialAction\":[{\"@type\":\"SearchAction\",\"target\":{\"@type\":\"EntryPoint\",\"urlTemplate\":\"https:\/\/www.masomartis.it\/?s={search_term_string}\"},\"query-input\":{\"@type\":\"PropertyValueSpecification\",\"valueRequired\":true,\"valueName\":\"search_term_string\"}}],\"inLanguage\":\"de\"}]}<\/script>\n<!-- \/ Yoast SEO plugin. -->","yoast_head_json":{"title":"Bio-Anbau - Maso Martis","robots":{"index":"index","follow":"follow","max-snippet":"max-snippet:-1","max-image-preview":"max-image-preview:large","max-video-preview":"max-video-preview:-1"},"canonical":"https:\/\/www.masomartis.it\/de\/bio-anbau\/","og_locale":"de_DE","og_type":"article","og_title":"Bio-Anbau - Maso Martis","og_description":"Anders von Anfang an. Seit 1986 bewirtschaften wir 12 Hektar Weinberge auf Kalkb\u00f6den, die reich an Skelett und rotem Trentiner Gestein sind. Wir produzieren nicht mehr als 90.000 Flaschen pro Jahr, davon sind 80.000 TRENTODOC-Weine. Unsere Weine werden mit biologischen Trauben aus unseren Weinbergen sowie mit Trauben von zertifizierten Bio-Bauern auf den H\u00fcgeln um Trient erzeugt. Die Weinlese auf unserem Weingut erfolgt ausschlie\u00dflich per Hand und wird jedes Jahr wie ein gro\u00dfes Bauernfest gefeiert. Unser [&hellip;]","og_url":"https:\/\/www.masomartis.it\/de\/bio-anbau\/","og_site_name":"Maso Martis","article_modified_time":"2023-01-30T14:48:31+00:00","og_image":[{"width":1000,"height":667,"url":"https:\/\/www.masomartis.it\/wp-content\/uploads\/2018\/07\/H4A5136.jpg","type":"image\/jpeg"}],"twitter_card":"summary_large_image","twitter_misc":{"Gesch\u00e4tzte Lesezeit":"1\u00a0Minute"},"schema":{"@context":"https:\/\/schema.org","@graph":[{"@type":"WebPage","@id":"https:\/\/www.masomartis.it\/de\/bio-anbau\/","url":"https:\/\/www.masomartis.it\/de\/bio-anbau\/","name":"Bio-Anbau - Maso Martis","isPartOf":{"@id":"https:\/\/www.masomartis.it\/#website"},"primaryImageOfPage":{"@id":"https:\/\/www.masomartis.it\/de\/bio-anbau\/#primaryimage"},"image":{"@id":"https:\/\/www.masomartis.it\/de\/bio-anbau\/#primaryimage"},"thumbnailUrl":"https:\/\/www.masomartis.it\/wp-content\/uploads\/2018\/07\/H4A5136.jpg","datePublished":"2022-09-22T10:51:09+00:00","dateModified":"2023-01-30T14:48:31+00:00","breadcrumb":{"@id":"https:\/\/www.masomartis.it\/de\/bio-anbau\/#breadcrumb"},"inLanguage":"de","potentialAction":[{"@type":"ReadAction","target":["https:\/\/www.masomartis.it\/de\/bio-anbau\/"]}]},{"@type":"ImageObject","inLanguage":"de","@id":"https:\/\/www.masomartis.it\/de\/bio-anbau\/#primaryimage","url":"https:\/\/www.masomartis.it\/wp-content\/uploads\/2018\/07\/H4A5136.jpg","contentUrl":"https:\/\/www.masomartis.it\/wp-content\/uploads\/2018\/07\/H4A5136.jpg","width":1000,"height":667},{"@type":"BreadcrumbList","@id":"https:\/\/www.masomartis.it\/de\/bio-anbau\/#breadcrumb","itemListElement":[{"@type":"ListItem","position":1,"name":"Home","item":"https:\/\/www.masomartis.it\/de\/"},{"@type":"ListItem","position":2,"name":"Bio-Anbau"}]},{"@type":"WebSite","@id":"https:\/\/www.masomartis.it\/#website","url":"https:\/\/www.masomartis.it\/","name":"Maso Martis","description":"Effervescenza delle Dolomiti","potentialAction":[{"@type":"SearchAction","target":{"@type":"EntryPoint","urlTemplate":"https:\/\/www.masomartis.it\/?s={search_term_string}"},"query-input":{"@type":"PropertyValueSpecification","valueRequired":true,"valueName":"search_term_string"}}],"inLanguage":"de"}]}},"meta_box":{"team_title":"","team_picture":false,"video_title":"","video_content":"","video_picture":false,"brochure_title":"","brochure_description":"","brochure_cover":false,"brochure_pdf":[],"prizes":[],"teamitems":[],"pressitems":[],"galleria":[],"shortcode_form":"","link_title":"","link_url":"","simplegrids":[],"visits":[],"visits_food":[],"additional_info":"","slider_slogan":"","slider_subtitle":"","slideshow":[],"intro_title":"","intro_subtitle":"","intro_content":"","intro_picture":false,"philosophy_title":"","philosophy_content":"","philosophy_picture":false,"wines_title":"","wines_subtitle":"","wines":[],"events_title":"","events_subtitle":"","blog_title":"","blog_subtitle":"","main_news":""},"_links":{"self":[{"href":"https:\/\/www.masomartis.it\/de\/wp-json\/wp\/v2\/pages\/5637","targetHints":{"allow":["GET"]}}],"collection":[{"href":"https:\/\/www.masomartis.it\/de\/wp-json\/wp\/v2\/pages"}],"about":[{"href":"https:\/\/www.masomartis.it\/de\/wp-json\/wp\/v2\/types\/page"}],"author":[{"embeddable":true,"href":"https:\/\/www.masomartis.it\/de\/wp-json\/wp\/v2\/users\/3"}],"replies":[{"embeddable":true,"href":"https:\/\/www.masomartis.it\/de\/wp-json\/wp\/v2\/comments?post=5637"}],"version-history":[{"count":3,"href":"https:\/\/www.masomartis.it\/de\/wp-json\/wp\/v2\/pages\/5637\/revisions"}],"predecessor-version":[{"id":6005,"href":"https:\/\/www.masomartis.it\/de\/wp-json\/wp\/v2\/pages\/5637\/revisions\/6005"}],"wp:featuredmedia":[{"embeddable":true,"href":"https:\/\/www.masomartis.it\/de\/wp-json\/wp\/v2\/media\/5311"}],"wp:attachment":[{"href":"https:\/\/www.masomartis.it\/de\/wp-json\/wp\/v2\/media?parent=5637"}],"curies":[{"name":"wp","href":"https:\/\/api.w.org\/{rel}","templated":true}]}}