{"id":5660,"date":"2022-09-22T13:01:48","date_gmt":"2022-09-22T11:01:48","guid":{"rendered":"https:\/\/www.masomartis.it\/?page_id=5660"},"modified":"2022-09-22T13:02:38","modified_gmt":"2022-09-22T11:02:38","slug":"das-anbaugebeit","status":"publish","type":"page","link":"https:\/\/www.masomartis.it\/de\/das-anbaugebeit\/","title":{"rendered":"Das Anbaugebeit"},"content":{"rendered":"<p class=\"p1\"><span class=\"s1\"><strong>Maso Martis<\/strong> befindet sich in <strong>Martignano<\/strong>, am Fu\u00dfe des <strong>Monte Calisio<\/strong> (oder Monte Argentario) in 450 m H\u00f6he auf den H\u00fcgeln oberhalb von Trento. In diesen H\u00fcgellagen mit optimaler Ausrichtung und einer sanften Brise aus den Bergen wird schon seit Ende des 19. Jahrhunderts Wein angebaut.<\/span><\/p>\n<p class=\"p1\"><span class=\"s1\">Der <strong>Boden<\/strong>, auf dem unsere Reben wachsen, ist \u00fcberwiegend lehm- und kalkhaltig und reich an Skelett und rotem Trentiner Gestein, was den Weinen ihre besondere Mineralit\u00e4t verleiht. Aufgrund unserer engen Verbundenheit mit unserem Land ist es uns eine Freude, den Verkauf von Produkten und Initiativen im Trentino und auch au\u00dferhalb der Region zu unterst\u00fctzen.<\/span><\/p>\n<p class=\"p1\"><span class=\"s1\"><strong>Unsere Kellerei ist Mitglied des <a href=\"http:\/\/www.trentodoc.com\/it\/istituto-trentodoc\/\" target=\"_blank\" rel=\"noopener\">Istituto Trentodoc<\/a><\/strong>\u00a0<strong>und der <a href=\"https:\/\/www.tastetrentino.it\/\" target=\"_blank\" rel=\"noopener\">Wein- und Genussstra\u00dfe des Trentino<\/a><\/strong>, seit diese bestehen und wir empfangen jedes Jahr zahlreiche Weinkenner und Liebhaber direkt auf unserem Weingut, um Wein zu verkosten und zu kaufen.<span class=\"Apple-converted-space\">\u00a0 \u00a0<\/span><\/span><\/p>\n<p class=\"p1\"><span class=\"s1\">Wir nehmen an den Initiativen der <strong>Wein-Frauen von Trentino-S\u00fcdtirol<\/strong>, des <a href=\"http:\/\/ecoargentario.it\/\" target=\"_blank\" rel=\"noopener\"><strong>Ecomuseo dell&#8217;Argentario<\/strong><\/a>, von <strong>Slowfood Valsugana und Lagorai<\/strong> und ehrenamtlichen Verb\u00e4nden teil. <strong>Freundschaft wird bei Maso Martis ganz gro\u00df geschrieben<\/strong> und im Laufe der Jahre hatten wir das Gl\u00fcck, Beziehungen aufzubauen, die es uns erm\u00f6glicht haben, menschlich und beruflich zu wachsen.<\/span><\/p>\n<p class=\"p1\"><a class=\"m_button center\" href=\"https:\/\/www.masomartis.it\/de\/kooperationen\/\">Unsere Kooperationen<\/a><\/p>\n","protected":false},"excerpt":{"rendered":"<p>Maso Martis befindet sich in Martignano, am Fu\u00dfe des Monte Calisio (oder Monte Argentario) in 450 m H\u00f6he auf den H\u00fcgeln oberhalb von Trento. In diesen H\u00fcgellagen mit optimaler Ausrichtung und einer sanften Brise aus den Bergen wird schon seit Ende des 19. Jahrhunderts Wein angebaut. Der Boden, auf dem unsere Reben wachsen, ist \u00fcberwiegend lehm- und kalkhaltig und reich an Skelett und rotem Trentiner Gestein, was den Weinen ihre besondere Mineralit\u00e4t verleiht. Aufgrund unserer [&hellip;]<\/p>\n","protected":false},"author":3,"featured_media":5452,"parent":0,"menu_order":0,"comment_status":"closed","ping_status":"closed","template":"page-templates\/shortcuts-has-link.php","meta":{"footnotes":""},"class_list":["post-5660","page","type-page","status-publish","has-post-thumbnail","hentry"],"yoast_head":"<!-- This site is optimized with the Yoast SEO plugin v27.2 - https:\/\/yoast.com\/product\/yoast-seo-wordpress\/ -->\n<title>Das Anbaugebeit - Maso Martis<\/title>\n<meta name=\"robots\" content=\"index, follow, max-snippet:-1, max-image-preview:large, max-video-preview:-1\" \/>\n<link rel=\"canonical\" href=\"https:\/\/www.masomartis.it\/de\/das-anbaugebeit\/\" \/>\n<meta property=\"og:locale\" content=\"de_DE\" \/>\n<meta property=\"og:type\" content=\"article\" \/>\n<meta property=\"og:title\" content=\"Das Anbaugebeit - Maso Martis\" \/>\n<meta property=\"og:description\" content=\"Maso Martis befindet sich in Martignano, am Fu\u00dfe des Monte Calisio (oder Monte Argentario) in 450 m H\u00f6he auf den H\u00fcgeln oberhalb von Trento. In diesen H\u00fcgellagen mit optimaler Ausrichtung und einer sanften Brise aus den Bergen wird schon seit Ende des 19. Jahrhunderts Wein angebaut. Der Boden, auf dem unsere Reben wachsen, ist \u00fcberwiegend lehm- und kalkhaltig und reich an Skelett und rotem Trentiner Gestein, was den Weinen ihre besondere Mineralit\u00e4t verleiht. Aufgrund unserer [&hellip;]\" \/>\n<meta property=\"og:url\" content=\"https:\/\/www.masomartis.it\/de\/das-anbaugebeit\/\" \/>\n<meta property=\"og:site_name\" content=\"Maso Martis\" \/>\n<meta property=\"article:modified_time\" content=\"2022-09-22T11:02:38+00:00\" \/>\n<meta property=\"og:image\" content=\"https:\/\/www.masomartis.it\/wp-content\/uploads\/2018\/07\/20160525_masomartis-0033937-ALICE-RUSSOLO-scaled.jpg\" \/>\n\t<meta property=\"og:image:width\" content=\"2560\" \/>\n\t<meta property=\"og:image:height\" content=\"1920\" \/>\n\t<meta property=\"og:image:type\" content=\"image\/jpeg\" \/>\n<meta name=\"twitter:card\" content=\"summary_large_image\" \/>\n<meta name=\"twitter:label1\" content=\"Gesch\u00e4tzte Lesezeit\" \/>\n\t<meta name=\"twitter:data1\" content=\"1\u00a0Minute\" \/>\n<script type=\"application\/ld+json\" class=\"yoast-schema-graph\">{\"@context\":\"https:\/\/schema.org\",\"@graph\":[{\"@type\":\"WebPage\",\"@id\":\"https:\/\/www.masomartis.it\/de\/das-anbaugebeit\/\",\"url\":\"https:\/\/www.masomartis.it\/de\/das-anbaugebeit\/\",\"name\":\"Das Anbaugebeit - Maso Martis\",\"isPartOf\":{\"@id\":\"https:\/\/www.masomartis.it\/#website\"},\"primaryImageOfPage\":{\"@id\":\"https:\/\/www.masomartis.it\/de\/das-anbaugebeit\/#primaryimage\"},\"image\":{\"@id\":\"https:\/\/www.masomartis.it\/de\/das-anbaugebeit\/#primaryimage\"},\"thumbnailUrl\":\"https:\/\/www.masomartis.it\/wp-content\/uploads\/2018\/07\/20160525_masomartis-0033937-ALICE-RUSSOLO-scaled.jpg\",\"datePublished\":\"2022-09-22T11:01:48+00:00\",\"dateModified\":\"2022-09-22T11:02:38+00:00\",\"breadcrumb\":{\"@id\":\"https:\/\/www.masomartis.it\/de\/das-anbaugebeit\/#breadcrumb\"},\"inLanguage\":\"de\",\"potentialAction\":[{\"@type\":\"ReadAction\",\"target\":[\"https:\/\/www.masomartis.it\/de\/das-anbaugebeit\/\"]}]},{\"@type\":\"ImageObject\",\"inLanguage\":\"de\",\"@id\":\"https:\/\/www.masomartis.it\/de\/das-anbaugebeit\/#primaryimage\",\"url\":\"https:\/\/www.masomartis.it\/wp-content\/uploads\/2018\/07\/20160525_masomartis-0033937-ALICE-RUSSOLO-scaled.jpg\",\"contentUrl\":\"https:\/\/www.masomartis.it\/wp-content\/uploads\/2018\/07\/20160525_masomartis-0033937-ALICE-RUSSOLO-scaled.jpg\",\"width\":2560,\"height\":1920,\"caption\":\"Azienda Agricola e Cantina Maso Martis a Martignano (Trento)\"},{\"@type\":\"BreadcrumbList\",\"@id\":\"https:\/\/www.masomartis.it\/de\/das-anbaugebeit\/#breadcrumb\",\"itemListElement\":[{\"@type\":\"ListItem\",\"position\":1,\"name\":\"Home\",\"item\":\"https:\/\/www.masomartis.it\/de\/\"},{\"@type\":\"ListItem\",\"position\":2,\"name\":\"Das Anbaugebeit\"}]},{\"@type\":\"WebSite\",\"@id\":\"https:\/\/www.masomartis.it\/#website\",\"url\":\"https:\/\/www.masomartis.it\/\",\"name\":\"Maso Martis\",\"description\":\"Effervescenza delle Dolomiti\",\"potentialAction\":[{\"@type\":\"SearchAction\",\"target\":{\"@type\":\"EntryPoint\",\"urlTemplate\":\"https:\/\/www.masomartis.it\/?s={search_term_string}\"},\"query-input\":{\"@type\":\"PropertyValueSpecification\",\"valueRequired\":true,\"valueName\":\"search_term_string\"}}],\"inLanguage\":\"de\"}]}<\/script>\n<!-- \/ Yoast SEO plugin. -->","yoast_head_json":{"title":"Das Anbaugebeit - Maso Martis","robots":{"index":"index","follow":"follow","max-snippet":"max-snippet:-1","max-image-preview":"max-image-preview:large","max-video-preview":"max-video-preview:-1"},"canonical":"https:\/\/www.masomartis.it\/de\/das-anbaugebeit\/","og_locale":"de_DE","og_type":"article","og_title":"Das Anbaugebeit - Maso Martis","og_description":"Maso Martis befindet sich in Martignano, am Fu\u00dfe des Monte Calisio (oder Monte Argentario) in 450 m H\u00f6he auf den H\u00fcgeln oberhalb von Trento. In diesen H\u00fcgellagen mit optimaler Ausrichtung und einer sanften Brise aus den Bergen wird schon seit Ende des 19. Jahrhunderts Wein angebaut. Der Boden, auf dem unsere Reben wachsen, ist \u00fcberwiegend lehm- und kalkhaltig und reich an Skelett und rotem Trentiner Gestein, was den Weinen ihre besondere Mineralit\u00e4t verleiht. Aufgrund unserer [&hellip;]","og_url":"https:\/\/www.masomartis.it\/de\/das-anbaugebeit\/","og_site_name":"Maso Martis","article_modified_time":"2022-09-22T11:02:38+00:00","og_image":[{"width":2560,"height":1920,"url":"https:\/\/www.masomartis.it\/wp-content\/uploads\/2018\/07\/20160525_masomartis-0033937-ALICE-RUSSOLO-scaled.jpg","type":"image\/jpeg"}],"twitter_card":"summary_large_image","twitter_misc":{"Gesch\u00e4tzte Lesezeit":"1\u00a0Minute"},"schema":{"@context":"https:\/\/schema.org","@graph":[{"@type":"WebPage","@id":"https:\/\/www.masomartis.it\/de\/das-anbaugebeit\/","url":"https:\/\/www.masomartis.it\/de\/das-anbaugebeit\/","name":"Das Anbaugebeit - Maso Martis","isPartOf":{"@id":"https:\/\/www.masomartis.it\/#website"},"primaryImageOfPage":{"@id":"https:\/\/www.masomartis.it\/de\/das-anbaugebeit\/#primaryimage"},"image":{"@id":"https:\/\/www.masomartis.it\/de\/das-anbaugebeit\/#primaryimage"},"thumbnailUrl":"https:\/\/www.masomartis.it\/wp-content\/uploads\/2018\/07\/20160525_masomartis-0033937-ALICE-RUSSOLO-scaled.jpg","datePublished":"2022-09-22T11:01:48+00:00","dateModified":"2022-09-22T11:02:38+00:00","breadcrumb":{"@id":"https:\/\/www.masomartis.it\/de\/das-anbaugebeit\/#breadcrumb"},"inLanguage":"de","potentialAction":[{"@type":"ReadAction","target":["https:\/\/www.masomartis.it\/de\/das-anbaugebeit\/"]}]},{"@type":"ImageObject","inLanguage":"de","@id":"https:\/\/www.masomartis.it\/de\/das-anbaugebeit\/#primaryimage","url":"https:\/\/www.masomartis.it\/wp-content\/uploads\/2018\/07\/20160525_masomartis-0033937-ALICE-RUSSOLO-scaled.jpg","contentUrl":"https:\/\/www.masomartis.it\/wp-content\/uploads\/2018\/07\/20160525_masomartis-0033937-ALICE-RUSSOLO-scaled.jpg","width":2560,"height":1920,"caption":"Azienda Agricola e Cantina Maso Martis a Martignano (Trento)"},{"@type":"BreadcrumbList","@id":"https:\/\/www.masomartis.it\/de\/das-anbaugebeit\/#breadcrumb","itemListElement":[{"@type":"ListItem","position":1,"name":"Home","item":"https:\/\/www.masomartis.it\/de\/"},{"@type":"ListItem","position":2,"name":"Das Anbaugebeit"}]},{"@type":"WebSite","@id":"https:\/\/www.masomartis.it\/#website","url":"https:\/\/www.masomartis.it\/","name":"Maso Martis","description":"Effervescenza delle Dolomiti","potentialAction":[{"@type":"SearchAction","target":{"@type":"EntryPoint","urlTemplate":"https:\/\/www.masomartis.it\/?s={search_term_string}"},"query-input":{"@type":"PropertyValueSpecification","valueRequired":true,"valueName":"search_term_string"}}],"inLanguage":"de"}]}},"meta_box":{"team_title":"","team_picture":false,"video_title":"","video_content":"","video_picture":false,"brochure_title":"","brochure_description":"","brochure_cover":false,"brochure_pdf":[],"prizes":[],"teamitems":[],"pressitems":[],"galleria":[],"shortcode_form":"","link_title":"PLANEN SIE IHREN URLAUB IM TRENTINO","link_url":"https:\/\/www.visittrentino.info\/de","simplegrids":[],"visits":[],"visits_food":[],"additional_info":"","slider_slogan":"","slider_subtitle":"","slideshow":[],"intro_title":"","intro_subtitle":"","intro_content":"","intro_picture":false,"philosophy_title":"","philosophy_content":"","philosophy_picture":false,"wines_title":"","wines_subtitle":"","wines":[],"events_title":"","events_subtitle":"","blog_title":"","blog_subtitle":"","main_news":""},"_links":{"self":[{"href":"https:\/\/www.masomartis.it\/de\/wp-json\/wp\/v2\/pages\/5660","targetHints":{"allow":["GET"]}}],"collection":[{"href":"https:\/\/www.masomartis.it\/de\/wp-json\/wp\/v2\/pages"}],"about":[{"href":"https:\/\/www.masomartis.it\/de\/wp-json\/wp\/v2\/types\/page"}],"author":[{"embeddable":true,"href":"https:\/\/www.masomartis.it\/de\/wp-json\/wp\/v2\/users\/3"}],"replies":[{"embeddable":true,"href":"https:\/\/www.masomartis.it\/de\/wp-json\/wp\/v2\/comments?post=5660"}],"version-history":[{"count":3,"href":"https:\/\/www.masomartis.it\/de\/wp-json\/wp\/v2\/pages\/5660\/revisions"}],"predecessor-version":[{"id":5663,"href":"https:\/\/www.masomartis.it\/de\/wp-json\/wp\/v2\/pages\/5660\/revisions\/5663"}],"wp:featuredmedia":[{"embeddable":true,"href":"https:\/\/www.masomartis.it\/de\/wp-json\/wp\/v2\/media\/5452"}],"wp:attachment":[{"href":"https:\/\/www.masomartis.it\/de\/wp-json\/wp\/v2\/media?parent=5660"}],"curies":[{"name":"wp","href":"https:\/\/api.w.org\/{rel}","templated":true}]}}