{"id":9398,"date":"2023-07-03T15:40:28","date_gmt":"2023-07-03T13:40:28","guid":{"rendered":"https:\/\/www.masomartis.it\/visite-e-degustazioni\/"},"modified":"2026-01-07T10:16:36","modified_gmt":"2026-01-07T09:16:36","slug":"buchen-weingut-besichtigungen-und-weinproben","status":"publish","type":"page","link":"https:\/\/www.masomartis.it\/de\/buchen-weingut-besichtigungen-und-weinproben\/","title":{"rendered":"Weingut-Besichtigungen und Weinproben"},"content":{"rendered":"<p><span class=\"s1\">Maso Martis ist ein biologisches Weingut in H\u00fcgellage in Martignano, von wo aus man auf die Stadt Trient hinunterblickt. Gastfreundschaft wird bei uns ganz gro\u00df geschrieben.<\/span><\/p>\n<p><span class=\"s1\">Seit einigen Jahren sind wir der \u201cStrada del Vino e dei Sapori del Trentino\u201d, der Trentiner Wein- und Genussstra\u00dfe beigetreten und es ist uns eine Freude, die Tore unserer Kellerei f\u00fcr alle Weinexperten und Weinliebhaber zu \u00f6ffnen, um vor Ort die Herkunft unserer Produkte kennenzulernen, sie zu verkosten und unsere Weine und Spumanti Metodo Classico zu kaufen.<br \/>\n<\/span><span class=\"s1\">Wir haben uns f\u00fcr Sie verschiedene Arten von Besichtigungen unserer Kellerei und Weinproben ausgedacht, um Sie auf eine Entdeckungstour f\u00fcr Gaumen und Nase durch das Anbaugebiet des TrentoDoc zu f\u00fchren.<\/span><\/p>\n<h3>Sie k\u00f6nnen Besuche und Verkostungen direkt online buchen<\/h3>\n<p>W\u00e4hlen Sie die gew\u00fcnschte Besichtigung, Datum und Uhrzeit des Besuchs, geben Sie die Anzahl der Personen an und w\u00e4hlen Sie die verf\u00fcgbaren Optionen f\u00fcr die Verkostungen aus und senden Sie die Anfrage ab.<br \/>\nSie erhalten eine E-Mail, sobald die Buchungsanfrage best\u00e4tigt ist, und Anweisungen, wie Sie mit der Zahlung fortfahren k\u00f6nnen.<\/p>\n<p><em>Nachdem Sie die Buchungsanfrage in den Warenkorb gelegt haben, k\u00f6nnen keine physischen Produkte oder Geschenkkarten mehr hinzugef\u00fcgt werden.<\/em><\/p>\n","protected":false},"excerpt":{"rendered":"<p>Maso Martis ist ein biologisches Weingut in H\u00fcgellage in Martignano, von wo aus man auf die Stadt Trient hinunterblickt. Gastfreundschaft wird bei uns ganz gro\u00df geschrieben. Seit einigen Jahren sind wir der \u201cStrada del Vino e dei Sapori del Trentino\u201d, der Trentiner Wein- und Genussstra\u00dfe beigetreten und es ist uns eine Freude, die Tore unserer Kellerei f\u00fcr alle Weinexperten und Weinliebhaber zu \u00f6ffnen, um vor Ort die Herkunft unserer Produkte kennenzulernen, sie zu verkosten und [&hellip;]<\/p>\n","protected":false},"author":3,"featured_media":15642,"parent":0,"menu_order":0,"comment_status":"closed","ping_status":"closed","template":"page-templates\/products-visits.php","meta":{"footnotes":""},"class_list":["post-9398","page","type-page","status-publish","has-post-thumbnail","hentry"],"yoast_head":"<!-- This site is optimized with the Yoast SEO plugin v27.2 - https:\/\/yoast.com\/product\/yoast-seo-wordpress\/ -->\n<title>Weingut-Besichtigungen und Weinproben - Maso Martis<\/title>\n<meta name=\"robots\" content=\"index, follow, max-snippet:-1, max-image-preview:large, max-video-preview:-1\" \/>\n<link rel=\"canonical\" href=\"https:\/\/www.masomartis.it\/de\/buchen-weingut-besichtigungen-und-weinproben\/\" \/>\n<meta property=\"og:locale\" content=\"de_DE\" \/>\n<meta property=\"og:type\" content=\"article\" \/>\n<meta property=\"og:title\" content=\"Weingut-Besichtigungen und Weinproben - Maso Martis\" \/>\n<meta property=\"og:description\" content=\"Maso Martis ist ein biologisches Weingut in H\u00fcgellage in Martignano, von wo aus man auf die Stadt Trient hinunterblickt. Gastfreundschaft wird bei uns ganz gro\u00df geschrieben. Seit einigen Jahren sind wir der \u201cStrada del Vino e dei Sapori del Trentino\u201d, der Trentiner Wein- und Genussstra\u00dfe beigetreten und es ist uns eine Freude, die Tore unserer Kellerei f\u00fcr alle Weinexperten und Weinliebhaber zu \u00f6ffnen, um vor Ort die Herkunft unserer Produkte kennenzulernen, sie zu verkosten und [&hellip;]\" \/>\n<meta property=\"og:url\" content=\"https:\/\/www.masomartis.it\/de\/buchen-weingut-besichtigungen-und-weinproben\/\" \/>\n<meta property=\"og:site_name\" content=\"Maso Martis\" \/>\n<meta property=\"article:modified_time\" content=\"2026-01-07T09:16:36+00:00\" \/>\n<meta property=\"og:image\" content=\"https:\/\/www.masomartis.it\/wp-content\/uploads\/2018\/09\/20160525_masomartis-0054076-scaled.jpg\" \/>\n\t<meta property=\"og:image:width\" content=\"2560\" \/>\n\t<meta property=\"og:image:height\" content=\"1828\" \/>\n\t<meta property=\"og:image:type\" content=\"image\/jpeg\" \/>\n<meta name=\"twitter:card\" content=\"summary_large_image\" \/>\n<meta name=\"twitter:label1\" content=\"Gesch\u00e4tzte Lesezeit\" \/>\n\t<meta name=\"twitter:data1\" content=\"2\u00a0Minuten\" \/>\n<script type=\"application\/ld+json\" class=\"yoast-schema-graph\">{\"@context\":\"https:\/\/schema.org\",\"@graph\":[{\"@type\":\"WebPage\",\"@id\":\"https:\/\/www.masomartis.it\/de\/buchen-weingut-besichtigungen-und-weinproben\/\",\"url\":\"https:\/\/www.masomartis.it\/de\/buchen-weingut-besichtigungen-und-weinproben\/\",\"name\":\"Weingut-Besichtigungen und Weinproben - Maso Martis\",\"isPartOf\":{\"@id\":\"https:\/\/www.masomartis.it\/#website\"},\"primaryImageOfPage\":{\"@id\":\"https:\/\/www.masomartis.it\/de\/buchen-weingut-besichtigungen-und-weinproben\/#primaryimage\"},\"image\":{\"@id\":\"https:\/\/www.masomartis.it\/de\/buchen-weingut-besichtigungen-und-weinproben\/#primaryimage\"},\"thumbnailUrl\":\"https:\/\/www.masomartis.it\/wp-content\/uploads\/2018\/09\/08102022-VPC06640.jpg\",\"datePublished\":\"2023-07-03T13:40:28+00:00\",\"dateModified\":\"2026-01-07T09:16:36+00:00\",\"breadcrumb\":{\"@id\":\"https:\/\/www.masomartis.it\/de\/buchen-weingut-besichtigungen-und-weinproben\/#breadcrumb\"},\"inLanguage\":\"de\",\"potentialAction\":[{\"@type\":\"ReadAction\",\"target\":[\"https:\/\/www.masomartis.it\/de\/buchen-weingut-besichtigungen-und-weinproben\/\"]}]},{\"@type\":\"ImageObject\",\"inLanguage\":\"de\",\"@id\":\"https:\/\/www.masomartis.it\/de\/buchen-weingut-besichtigungen-und-weinproben\/#primaryimage\",\"url\":\"https:\/\/www.masomartis.it\/wp-content\/uploads\/2018\/09\/08102022-VPC06640.jpg\",\"contentUrl\":\"https:\/\/www.masomartis.it\/wp-content\/uploads\/2018\/09\/08102022-VPC06640.jpg\",\"width\":2000,\"height\":1333},{\"@type\":\"BreadcrumbList\",\"@id\":\"https:\/\/www.masomartis.it\/de\/buchen-weingut-besichtigungen-und-weinproben\/#breadcrumb\",\"itemListElement\":[{\"@type\":\"ListItem\",\"position\":1,\"name\":\"Home\",\"item\":\"https:\/\/www.masomartis.it\/de\/\"},{\"@type\":\"ListItem\",\"position\":2,\"name\":\"Weingut-Besichtigungen und Weinproben\"}]},{\"@type\":\"WebSite\",\"@id\":\"https:\/\/www.masomartis.it\/#website\",\"url\":\"https:\/\/www.masomartis.it\/\",\"name\":\"Maso Martis\",\"description\":\"Effervescenza delle Dolomiti\",\"potentialAction\":[{\"@type\":\"SearchAction\",\"target\":{\"@type\":\"EntryPoint\",\"urlTemplate\":\"https:\/\/www.masomartis.it\/?s={search_term_string}\"},\"query-input\":{\"@type\":\"PropertyValueSpecification\",\"valueRequired\":true,\"valueName\":\"search_term_string\"}}],\"inLanguage\":\"de\"}]}<\/script>\n<!-- \/ Yoast SEO plugin. -->","yoast_head_json":{"title":"Weingut-Besichtigungen und Weinproben - Maso Martis","robots":{"index":"index","follow":"follow","max-snippet":"max-snippet:-1","max-image-preview":"max-image-preview:large","max-video-preview":"max-video-preview:-1"},"canonical":"https:\/\/www.masomartis.it\/de\/buchen-weingut-besichtigungen-und-weinproben\/","og_locale":"de_DE","og_type":"article","og_title":"Weingut-Besichtigungen und Weinproben - Maso Martis","og_description":"Maso Martis ist ein biologisches Weingut in H\u00fcgellage in Martignano, von wo aus man auf die Stadt Trient hinunterblickt. Gastfreundschaft wird bei uns ganz gro\u00df geschrieben. Seit einigen Jahren sind wir der \u201cStrada del Vino e dei Sapori del Trentino\u201d, der Trentiner Wein- und Genussstra\u00dfe beigetreten und es ist uns eine Freude, die Tore unserer Kellerei f\u00fcr alle Weinexperten und Weinliebhaber zu \u00f6ffnen, um vor Ort die Herkunft unserer Produkte kennenzulernen, sie zu verkosten und [&hellip;]","og_url":"https:\/\/www.masomartis.it\/de\/buchen-weingut-besichtigungen-und-weinproben\/","og_site_name":"Maso Martis","article_modified_time":"2026-01-07T09:16:36+00:00","og_image":[{"width":2560,"height":1828,"url":"https:\/\/www.masomartis.it\/wp-content\/uploads\/2018\/09\/20160525_masomartis-0054076-scaled.jpg","type":"image\/jpeg"}],"twitter_card":"summary_large_image","twitter_misc":{"Gesch\u00e4tzte Lesezeit":"2\u00a0Minuten"},"schema":{"@context":"https:\/\/schema.org","@graph":[{"@type":"WebPage","@id":"https:\/\/www.masomartis.it\/de\/buchen-weingut-besichtigungen-und-weinproben\/","url":"https:\/\/www.masomartis.it\/de\/buchen-weingut-besichtigungen-und-weinproben\/","name":"Weingut-Besichtigungen und Weinproben - Maso Martis","isPartOf":{"@id":"https:\/\/www.masomartis.it\/#website"},"primaryImageOfPage":{"@id":"https:\/\/www.masomartis.it\/de\/buchen-weingut-besichtigungen-und-weinproben\/#primaryimage"},"image":{"@id":"https:\/\/www.masomartis.it\/de\/buchen-weingut-besichtigungen-und-weinproben\/#primaryimage"},"thumbnailUrl":"https:\/\/www.masomartis.it\/wp-content\/uploads\/2018\/09\/08102022-VPC06640.jpg","datePublished":"2023-07-03T13:40:28+00:00","dateModified":"2026-01-07T09:16:36+00:00","breadcrumb":{"@id":"https:\/\/www.masomartis.it\/de\/buchen-weingut-besichtigungen-und-weinproben\/#breadcrumb"},"inLanguage":"de","potentialAction":[{"@type":"ReadAction","target":["https:\/\/www.masomartis.it\/de\/buchen-weingut-besichtigungen-und-weinproben\/"]}]},{"@type":"ImageObject","inLanguage":"de","@id":"https:\/\/www.masomartis.it\/de\/buchen-weingut-besichtigungen-und-weinproben\/#primaryimage","url":"https:\/\/www.masomartis.it\/wp-content\/uploads\/2018\/09\/08102022-VPC06640.jpg","contentUrl":"https:\/\/www.masomartis.it\/wp-content\/uploads\/2018\/09\/08102022-VPC06640.jpg","width":2000,"height":1333},{"@type":"BreadcrumbList","@id":"https:\/\/www.masomartis.it\/de\/buchen-weingut-besichtigungen-und-weinproben\/#breadcrumb","itemListElement":[{"@type":"ListItem","position":1,"name":"Home","item":"https:\/\/www.masomartis.it\/de\/"},{"@type":"ListItem","position":2,"name":"Weingut-Besichtigungen und Weinproben"}]},{"@type":"WebSite","@id":"https:\/\/www.masomartis.it\/#website","url":"https:\/\/www.masomartis.it\/","name":"Maso Martis","description":"Effervescenza delle Dolomiti","potentialAction":[{"@type":"SearchAction","target":{"@type":"EntryPoint","urlTemplate":"https:\/\/www.masomartis.it\/?s={search_term_string}"},"query-input":{"@type":"PropertyValueSpecification","valueRequired":true,"valueName":"search_term_string"}}],"inLanguage":"de"}]}},"meta_box":{"team_title":"","team_picture":false,"video_title":"","video_content":"","video_picture":false,"brochure_title":"","brochure_description":"","brochure_cover":false,"brochure_pdf":[],"prizes":[],"teamitems":[],"pressitems":[],"galleria":[],"shortcode_form":"","link_title":"","link_url":"","simplegrids":[],"visits":[],"visits_food":[],"additional_info":"<p><strong>STORNIERUNG UND ERSTATTUNG<\/strong><br \/>\nSie k\u00f6nnen Ihre Buchung bis sp\u00e4testens 48 Stunden vor dem Datum Ihres Besuchs stornieren.<br \/>\nSie erhalten dann eine Gutschrift in Form eines Gutscheins, den Sie in unserem Gesch\u00e4ft einl\u00f6sen k\u00f6nnen.<\/p>\n<p><strong>STORNIERUNG\/VERSCHIEBUNG DES BESUCHS<\/strong><br \/>\nDas Unternehmen beh\u00e4lt sich das Recht vor, Sie \u00fcber eine Verschiebung oder Stornierung zu informieren, falls Besichtigungen aufgrund von schlechtem Wetter oder anderer h\u00f6herer Gewalt nicht durchgef\u00fchrt werden k\u00f6nnen. In diesem Fall hat der Kunde die Wahl zwischen folgenden M\u00f6glichkeiten: Gutschrift in Form eines Gutscheins, den er in unserem Gesch\u00e4ft einl\u00f6sen kann, oder vollst\u00e4ndige R\u00fcckerstattung.<\/p>\n","slider_slogan":"","slider_subtitle":"","slideshow":[],"intro_title":"","intro_subtitle":"","intro_content":"","intro_picture":false,"philosophy_title":"","philosophy_content":"","philosophy_picture":false,"wines_title":"","wines_subtitle":"","wines":[],"events_title":"","events_subtitle":"","blog_title":"","blog_subtitle":"","main_news":""},"_links":{"self":[{"href":"https:\/\/www.masomartis.it\/de\/wp-json\/wp\/v2\/pages\/9398","targetHints":{"allow":["GET"]}}],"collection":[{"href":"https:\/\/www.masomartis.it\/de\/wp-json\/wp\/v2\/pages"}],"about":[{"href":"https:\/\/www.masomartis.it\/de\/wp-json\/wp\/v2\/types\/page"}],"author":[{"embeddable":true,"href":"https:\/\/www.masomartis.it\/de\/wp-json\/wp\/v2\/users\/3"}],"replies":[{"embeddable":true,"href":"https:\/\/www.masomartis.it\/de\/wp-json\/wp\/v2\/comments?post=9398"}],"version-history":[{"count":6,"href":"https:\/\/www.masomartis.it\/de\/wp-json\/wp\/v2\/pages\/9398\/revisions"}],"predecessor-version":[{"id":15507,"href":"https:\/\/www.masomartis.it\/de\/wp-json\/wp\/v2\/pages\/9398\/revisions\/15507"}],"wp:featuredmedia":[{"embeddable":true,"href":"https:\/\/www.masomartis.it\/de\/wp-json\/wp\/v2\/media\/15642"}],"wp:attachment":[{"href":"https:\/\/www.masomartis.it\/de\/wp-json\/wp\/v2\/media?parent=9398"}],"curies":[{"name":"wp","href":"https:\/\/api.w.org\/{rel}","templated":true}]}}